{"id":24,"date":"2025-06-19T10:39:05","date_gmt":"2025-06-19T08:39:05","guid":{"rendered":"https:\/\/tihary.bigdevacademy.com\/?page_id=24"},"modified":"2025-06-26T18:06:27","modified_gmt":"2025-06-26T16:06:27","slug":"spa","status":"publish","type":"page","link":"https:\/\/tihary.bigdevacademy.com\/index.php\/spa\/","title":{"rendered":"Spa"},"content":{"rendered":"\t\t<div data-elementor-type=\"wp-page\" data-elementor-id=\"24\" class=\"elementor elementor-24\" data-elementor-post-type=\"page\">\n\t\t\t\t\t\t<section class=\"elementor-section elementor-top-section elementor-element elementor-element-74917bc8 elementor-section-height-min-height elementor-section-content-top elementor-reverse-mobile elementor-section-items-stretch elementor-section-boxed elementor-section-height-default\" data-id=\"74917bc8\" data-element_type=\"section\" data-settings=\"{&quot;background_background&quot;:&quot;video&quot;,&quot;shape_divider_bottom&quot;:&quot;tilt&quot;,&quot;background_video_link&quot;:&quot;https:\\\/\\\/www.youtube.com\\\/watch?v=7BGNAGahig8&amp;pp=ygUGc3BhIGFk&quot;,&quot;background_play_on_mobile&quot;:&quot;yes&quot;}\">\n\t\t\t\t\t\t\t\t<div class=\"elementor-background-video-container\">\n\t\t\t\t\t\t\t\t\t\t\t\t\t<div class=\"elementor-background-video-embed\"><\/div>\n\t\t\t\t\t\t\t\t\t\t\t\t<\/div>\n\t\t\t\t\t\t\t\t\t<div class=\"elementor-background-overlay\"><\/div>\n\t\t\t\t\t\t<div class=\"elementor-shape elementor-shape-bottom\" aria-hidden=\"true\" data-negative=\"false\">\n\t\t\t<svg xmlns=\"http:\/\/www.w3.org\/2000\/svg\" viewBox=\"0 0 1000 100\" preserveAspectRatio=\"none\">\n\t<path class=\"elementor-shape-fill\" d=\"M0,6V0h1000v100L0,6z\"\/>\n<\/svg>\t\t<\/div>\n\t\t\t\t\t<div class=\"elementor-container elementor-column-gap-no\">\n\t\t\t\t\t<div class=\"elementor-column elementor-col-100 elementor-top-column elementor-element elementor-element-6640dc63\" data-id=\"6640dc63\" data-element_type=\"column\">\n\t\t\t<div class=\"elementor-widget-wrap elementor-element-populated\">\n\t\t\t\t\t\t<div class=\"elementor-element elementor-element-5e64c0b7 elementor-widget elementor-widget-spacer\" data-id=\"5e64c0b7\" data-element_type=\"widget\" data-widget_type=\"spacer.default\">\n\t\t\t\t<div class=\"elementor-widget-container\">\n\t\t\t\t\t\t\t<div class=\"elementor-spacer\">\n\t\t\t<div class=\"elementor-spacer-inner\"><\/div>\n\t\t<\/div>\n\t\t\t\t\t\t<\/div>\n\t\t\t\t<\/div>\n\t\t\t\t<div class=\"elementor-element elementor-element-67ba9b39 elementor-widget elementor-widget-heading\" data-id=\"67ba9b39\" data-element_type=\"widget\" data-widget_type=\"heading.default\">\n\t\t\t\t<div class=\"elementor-widget-container\">\n\t\t\t\t\t<h2 class=\"elementor-heading-title elementor-size-default\">D\u00e9couvrez notre<\/h2>\t\t\t\t<\/div>\n\t\t\t\t<\/div>\n\t\t\t\t<div class=\"elementor-element elementor-element-59430f37 elementor-widget elementor-widget-heading\" data-id=\"59430f37\" data-element_type=\"widget\" data-widget_type=\"heading.default\">\n\t\t\t\t<div class=\"elementor-widget-container\">\n\t\t\t\t\t<h2 class=\"elementor-heading-title elementor-size-default\">spa<\/h2>\t\t\t\t<\/div>\n\t\t\t\t<\/div>\n\t\t\t\t\t<\/div>\n\t\t<\/div>\n\t\t\t\t\t<\/div>\n\t\t<\/section>\n\t\t\t\t<section class=\"elementor-section elementor-top-section elementor-element elementor-element-3d50860c elementor-section-full_width elementor-section-height-default elementor-section-height-default\" data-id=\"3d50860c\" data-element_type=\"section\" data-settings=\"{&quot;background_background&quot;:&quot;classic&quot;}\">\n\t\t\t\t\t\t<div class=\"elementor-container elementor-column-gap-default\">\n\t\t\t\t\t<div class=\"elementor-column elementor-col-100 elementor-top-column elementor-element elementor-element-3a384008\" data-id=\"3a384008\" data-element_type=\"column\">\n\t\t\t<div class=\"elementor-widget-wrap elementor-element-populated\">\n\t\t\t\t\t\t<section class=\"elementor-section elementor-inner-section elementor-element elementor-element-7fa22223 elementor-section-boxed elementor-section-height-default elementor-section-height-default\" data-id=\"7fa22223\" data-element_type=\"section\">\n\t\t\t\t\t\t<div class=\"elementor-container elementor-column-gap-default\">\n\t\t\t\t\t<div class=\"elementor-column elementor-col-50 elementor-inner-column elementor-element elementor-element-d3dfd36 elementor-invisible\" data-id=\"d3dfd36\" data-element_type=\"column\" data-settings=\"{&quot;background_background&quot;:&quot;classic&quot;,&quot;animation&quot;:&quot;fadeInLeft&quot;,&quot;animation_delay&quot;:1000}\">\n\t\t\t<div class=\"elementor-widget-wrap elementor-element-populated\">\n\t\t\t\t\t\t<div class=\"elementor-element elementor-element-2fb4247b elementor-widget elementor-widget-heading\" data-id=\"2fb4247b\" data-element_type=\"widget\" data-widget_type=\"heading.default\">\n\t\t\t\t<div class=\"elementor-widget-container\">\n\t\t\t\t\t<h3 class=\"elementor-heading-title elementor-size-default\"><a href=\"#elementor-action%3Aaction%3Dpopup%3Aopen%26settings%3DeyJpZCI6Ijc0MyIsInRvZ2dsZSI6ZmFsc2V9\" rel=\"nofollow\">Sauna &amp; Hammam<\/a><\/h3>\t\t\t\t<\/div>\n\t\t\t\t<\/div>\n\t\t\t\t\t<\/div>\n\t\t<\/div>\n\t\t\t\t<div class=\"elementor-column elementor-col-50 elementor-inner-column elementor-element elementor-element-7c62752a elementor-invisible\" data-id=\"7c62752a\" data-element_type=\"column\" data-settings=\"{&quot;background_background&quot;:&quot;classic&quot;,&quot;animation&quot;:&quot;fadeInRight&quot;,&quot;animation_delay&quot;:1000}\">\n\t\t\t<div class=\"elementor-widget-wrap elementor-element-populated\">\n\t\t\t\t\t\t<div class=\"elementor-element elementor-element-43a73d86 elementor-widget elementor-widget-heading\" data-id=\"43a73d86\" data-element_type=\"widget\" data-widget_type=\"heading.default\">\n\t\t\t\t<div class=\"elementor-widget-container\">\n\t\t\t\t\t<h3 class=\"elementor-heading-title elementor-size-default\"><a href=\"#elementor-action%3Aaction%3Dpopup%3Aopen%26settings%3DeyJpZCI6Ijc3OSIsInRvZ2dsZSI6ZmFsc2V9\">Centre de remise en forme<\/a><\/h3>\t\t\t\t<\/div>\n\t\t\t\t<\/div>\n\t\t\t\t\t<\/div>\n\t\t<\/div>\n\t\t\t\t\t<\/div>\n\t\t<\/section>\n\t\t\t\t<section class=\"elementor-section elementor-inner-section elementor-element elementor-element-309cedba elementor-section-boxed elementor-section-height-default elementor-section-height-default\" data-id=\"309cedba\" data-element_type=\"section\">\n\t\t\t\t\t\t<div class=\"elementor-container elementor-column-gap-default\">\n\t\t\t\t\t<div class=\"elementor-column elementor-col-50 elementor-inner-column elementor-element elementor-element-14df9051 elementor-invisible\" data-id=\"14df9051\" data-element_type=\"column\" data-settings=\"{&quot;background_background&quot;:&quot;classic&quot;,&quot;animation&quot;:&quot;fadeInLeft&quot;}\">\n\t\t\t<div class=\"elementor-widget-wrap elementor-element-populated\">\n\t\t\t\t\t\t<div class=\"elementor-element elementor-element-7b21beef elementor-widget elementor-widget-heading\" data-id=\"7b21beef\" data-element_type=\"widget\" data-widget_type=\"heading.default\">\n\t\t\t\t<div class=\"elementor-widget-container\">\n\t\t\t\t\t<h3 class=\"elementor-heading-title elementor-size-default\"><a href=\"#elementor-action%3Aaction%3Dpopup%3Aopen%26settings%3DeyJpZCI6Ijc5MCIsInRvZ2dsZSI6ZmFsc2V9\">Epilation \u00e0 la cire<\/a><\/h3>\t\t\t\t<\/div>\n\t\t\t\t<\/div>\n\t\t\t\t\t<\/div>\n\t\t<\/div>\n\t\t\t\t<div class=\"elementor-column elementor-col-50 elementor-inner-column elementor-element elementor-element-919ccd9 elementor-invisible\" data-id=\"919ccd9\" data-element_type=\"column\" data-settings=\"{&quot;background_background&quot;:&quot;classic&quot;,&quot;animation&quot;:&quot;fadeInRight&quot;}\">\n\t\t\t<div class=\"elementor-widget-wrap elementor-element-populated\">\n\t\t\t\t\t\t<div class=\"elementor-element elementor-element-e9b38d4 elementor-widget elementor-widget-heading\" data-id=\"e9b38d4\" data-element_type=\"widget\" data-widget_type=\"heading.default\">\n\t\t\t\t<div class=\"elementor-widget-container\">\n\t\t\t\t\t<h3 class=\"elementor-heading-title elementor-size-default\"><a href=\"#elementor-action%3Aaction%3Dpopup%3Aopen%26settings%3DeyJpZCI6Ijc5OSIsInRvZ2dsZSI6ZmFsc2V9\">Soins du visage<\/a><\/h3>\t\t\t\t<\/div>\n\t\t\t\t<\/div>\n\t\t\t\t\t<\/div>\n\t\t<\/div>\n\t\t\t\t\t<\/div>\n\t\t<\/section>\n\t\t\t\t<section class=\"elementor-section elementor-inner-section elementor-element elementor-element-fac4b39 elementor-section-boxed elementor-section-height-default elementor-section-height-default\" data-id=\"fac4b39\" data-element_type=\"section\">\n\t\t\t\t\t\t<div class=\"elementor-container elementor-column-gap-default\">\n\t\t\t\t\t<div class=\"elementor-column elementor-col-50 elementor-inner-column elementor-element elementor-element-112e906a elementor-invisible\" data-id=\"112e906a\" data-element_type=\"column\" data-settings=\"{&quot;background_background&quot;:&quot;classic&quot;,&quot;animation&quot;:&quot;fadeInLeft&quot;}\">\n\t\t\t<div class=\"elementor-widget-wrap elementor-element-populated\">\n\t\t\t\t\t\t<div class=\"elementor-element elementor-element-2dd12939 elementor-widget elementor-widget-heading\" data-id=\"2dd12939\" data-element_type=\"widget\" data-widget_type=\"heading.default\">\n\t\t\t\t<div class=\"elementor-widget-container\">\n\t\t\t\t\t<h3 class=\"elementor-heading-title elementor-size-default\"><a href=\"#elementor-action%3Aaction%3Dpopup%3Aopen%26settings%3DeyJpZCI6IjgwNyIsInRvZ2dsZSI6ZmFsc2V9\">Massage<\/a><\/h3>\t\t\t\t<\/div>\n\t\t\t\t<\/div>\n\t\t\t\t\t<\/div>\n\t\t<\/div>\n\t\t\t\t<div class=\"elementor-column elementor-col-50 elementor-inner-column elementor-element elementor-element-29ca67ce elementor-invisible\" data-id=\"29ca67ce\" data-element_type=\"column\" data-settings=\"{&quot;background_background&quot;:&quot;classic&quot;,&quot;animation&quot;:&quot;fadeInRight&quot;}\">\n\t\t\t<div class=\"elementor-widget-wrap elementor-element-populated\">\n\t\t\t\t\t\t<div class=\"elementor-element elementor-element-64dbf1a6 elementor-widget elementor-widget-heading\" data-id=\"64dbf1a6\" data-element_type=\"widget\" data-widget_type=\"heading.default\">\n\t\t\t\t<div class=\"elementor-widget-container\">\n\t\t\t\t\t<h3 class=\"elementor-heading-title elementor-size-default\"><a href=\"#elementor-action%3Aaction%3Dpopup%3Aopen%26settings%3DeyJpZCI6IjgxNCIsInRvZ2dsZSI6ZmFsc2V9\">Aromath\u00e9rapie<\/a><\/h3>\t\t\t\t<\/div>\n\t\t\t\t<\/div>\n\t\t\t\t\t<\/div>\n\t\t<\/div>\n\t\t\t\t\t<\/div>\n\t\t<\/section>\n\t\t\t\t\t<\/div>\n\t\t<\/div>\n\t\t\t\t\t<\/div>\n\t\t<\/section>\n\t\t\t\t<section class=\"elementor-section elementor-top-section elementor-element elementor-element-6100ea3b elementor-section-height-min-height elementor-section-boxed elementor-section-height-default elementor-section-items-middle\" data-id=\"6100ea3b\" data-element_type=\"section\" data-settings=\"{&quot;background_background&quot;:&quot;classic&quot;,&quot;shape_divider_bottom&quot;:&quot;curve&quot;}\">\n\t\t\t\t\t<div class=\"elementor-shape elementor-shape-bottom\" aria-hidden=\"true\" data-negative=\"false\">\n\t\t\t<svg xmlns=\"http:\/\/www.w3.org\/2000\/svg\" viewBox=\"0 0 1000 100\" preserveAspectRatio=\"none\">\n    <path class=\"elementor-shape-fill\" d=\"M1000,4.3V0H0v4.3C0.9,23.1,126.7,99.2,500,100S1000,22.7,1000,4.3z\"\/>\n<\/svg>\t\t<\/div>\n\t\t\t\t\t<div class=\"elementor-container elementor-column-gap-default\">\n\t\t\t\t\t<div class=\"elementor-column elementor-col-100 elementor-top-column elementor-element elementor-element-37c33d45\" data-id=\"37c33d45\" data-element_type=\"column\">\n\t\t\t<div class=\"elementor-widget-wrap elementor-element-populated\">\n\t\t\t\t\t\t<div class=\"elementor-element elementor-element-7c35db36 elementor-widget elementor-widget-heading\" data-id=\"7c35db36\" data-element_type=\"widget\" data-widget_type=\"heading.default\">\n\t\t\t\t<div class=\"elementor-widget-container\">\n\t\t\t\t\t<h2 class=\"elementor-heading-title elementor-size-default\">Vous m\u00e9ritez ce moment<\/h2>\t\t\t\t<\/div>\n\t\t\t\t<\/div>\n\t\t\t\t<div class=\"elementor-element elementor-element-2804987c elementor-widget elementor-widget-text-editor\" data-id=\"2804987c\" data-element_type=\"widget\" data-widget_type=\"text-editor.default\">\n\t\t\t\t<div class=\"elementor-widget-container\">\n\t\t\t\t\t\t\t\t\t<p>Offrez-vous une pause hors du temps dans notre spa, o\u00f9 s\u00e9r\u00e9nit\u00e9 et soins d\u2019exception se rencontrent. Massages relaxants, rituels bien-\u00eatre et ambiance apaisante vous attendent pour recharger corps et esprit. Parce qu\u2019apr\u00e8s tout, vous le m\u00e9ritez vraiment.<\/p>\t\t\t\t\t\t\t\t<\/div>\n\t\t\t\t<\/div>\n\t\t\t\t<div class=\"elementor-element elementor-element-7ff8b13 elementor-align-center elementor-widget elementor-widget-button\" data-id=\"7ff8b13\" data-element_type=\"widget\" data-widget_type=\"button.default\">\n\t\t\t\t<div class=\"elementor-widget-container\">\n\t\t\t\t\t\t\t\t\t<div class=\"elementor-button-wrapper\">\n\t\t\t\t\t<a class=\"elementor-button elementor-button-link elementor-size-sm elementor-animation-float\" href=\"https:\/\/tihary.bigdevacademy.com\/index.php\/reservation\/\" target=\"_blank\">\n\t\t\t\t\t\t<span class=\"elementor-button-content-wrapper\">\n\t\t\t\t\t\t\t\t\t<span class=\"elementor-button-text\">R\u00e9server maintenant<\/span>\n\t\t\t\t\t<\/span>\n\t\t\t\t\t<\/a>\n\t\t\t\t<\/div>\n\t\t\t\t\t\t\t\t<\/div>\n\t\t\t\t<\/div>\n\t\t\t\t\t<\/div>\n\t\t<\/div>\n\t\t\t\t\t<\/div>\n\t\t<\/section>\n\t\t\t\t<\/div>\n\t\t","protected":false},"excerpt":{"rendered":"<p>D\u00e9couvrez notre spa Sauna &amp; Hammam Centre de remise en forme Epilation \u00e0 la cire Soins du visage Massage Aromath\u00e9rapie Vous m\u00e9ritez ce moment Offrez-vous une pause hors du temps dans notre spa, o\u00f9 s\u00e9r\u00e9nit\u00e9 et soins d\u2019exception se rencontrent. Massages relaxants, rituels bien-\u00eatre et ambiance apaisante vous attendent pour recharger corps et esprit. Parce [&hellip;]<\/p>\n","protected":false},"author":1,"featured_media":0,"parent":0,"menu_order":0,"comment_status":"closed","ping_status":"closed","template":"","meta":{"footnotes":""},"class_list":["post-24","page","type-page","status-publish","hentry"],"yoast_head":"<!-- This site is optimized with the Yoast SEO plugin v25.3.1 - https:\/\/yoast.com\/wordpress\/plugins\/seo\/ -->\n<title>Spa &amp; D\u00e9tente - Luxury Hotel Afrique du Sud<\/title>\n<meta name=\"description\" content=\"Offrez-vous un moment de d\u00e9tente dans notre spa face \u00e0 l\u2019oc\u00e9an. Massages, soins du corps et ambiance zen au c\u0153ur de l\u2019Afrique du Sud.\" \/>\n<meta name=\"robots\" content=\"index, follow, max-snippet:-1, max-image-preview:large, max-video-preview:-1\" \/>\n<link rel=\"canonical\" href=\"https:\/\/tihary.bigdevacademy.com\/index.php\/spa\/\" \/>\n<meta property=\"og:locale\" content=\"fr_FR\" \/>\n<meta property=\"og:type\" content=\"article\" \/>\n<meta property=\"og:title\" content=\"Spa &amp; D\u00e9tente - Luxury Hotel Afrique du Sud\" \/>\n<meta property=\"og:description\" content=\"Offrez-vous un moment de d\u00e9tente dans notre spa face \u00e0 l\u2019oc\u00e9an. Massages, soins du corps et ambiance zen au c\u0153ur de l\u2019Afrique du Sud.\" \/>\n<meta property=\"og:url\" content=\"https:\/\/tihary.bigdevacademy.com\/index.php\/spa\/\" \/>\n<meta property=\"og:site_name\" content=\"SudAfricaHotel\" \/>\n<meta property=\"article:modified_time\" content=\"2025-06-26T16:06:27+00:00\" \/>\n<meta name=\"twitter:card\" content=\"summary_large_image\" \/>\n<meta name=\"twitter:label1\" content=\"Dur\u00e9e de lecture estim\u00e9e\" \/>\n\t<meta name=\"twitter:data1\" content=\"1 minute\" \/>\n<script type=\"application\/ld+json\" class=\"yoast-schema-graph\">{\"@context\":\"https:\/\/schema.org\",\"@graph\":[{\"@type\":\"WebPage\",\"@id\":\"https:\/\/tihary.bigdevacademy.com\/index.php\/spa\/\",\"url\":\"https:\/\/tihary.bigdevacademy.com\/index.php\/spa\/\",\"name\":\"Spa & D\u00e9tente - Luxury Hotel Afrique du Sud\",\"isPartOf\":{\"@id\":\"https:\/\/tihary.bigdevacademy.com\/#website\"},\"datePublished\":\"2025-06-19T08:39:05+00:00\",\"dateModified\":\"2025-06-26T16:06:27+00:00\",\"description\":\"Offrez-vous un moment de d\u00e9tente dans notre spa face \u00e0 l\u2019oc\u00e9an. Massages, soins du corps et ambiance zen au c\u0153ur de l\u2019Afrique du Sud.\",\"breadcrumb\":{\"@id\":\"https:\/\/tihary.bigdevacademy.com\/index.php\/spa\/#breadcrumb\"},\"inLanguage\":\"fr-FR\",\"potentialAction\":[{\"@type\":\"ReadAction\",\"target\":[\"https:\/\/tihary.bigdevacademy.com\/index.php\/spa\/\"]}]},{\"@type\":\"BreadcrumbList\",\"@id\":\"https:\/\/tihary.bigdevacademy.com\/index.php\/spa\/#breadcrumb\",\"itemListElement\":[{\"@type\":\"ListItem\",\"position\":1,\"name\":\"Accueil\",\"item\":\"https:\/\/tihary.bigdevacademy.com\/\"},{\"@type\":\"ListItem\",\"position\":2,\"name\":\"Spa\"}]},{\"@type\":\"WebSite\",\"@id\":\"https:\/\/tihary.bigdevacademy.com\/#website\",\"url\":\"https:\/\/tihary.bigdevacademy.com\/\",\"name\":\"SudAfricaHotel\",\"description\":\"\",\"publisher\":{\"@id\":\"https:\/\/tihary.bigdevacademy.com\/#organization\"},\"potentialAction\":[{\"@type\":\"SearchAction\",\"target\":{\"@type\":\"EntryPoint\",\"urlTemplate\":\"https:\/\/tihary.bigdevacademy.com\/?s={search_term_string}\"},\"query-input\":{\"@type\":\"PropertyValueSpecification\",\"valueRequired\":true,\"valueName\":\"search_term_string\"}}],\"inLanguage\":\"fr-FR\"},{\"@type\":\"Organization\",\"@id\":\"https:\/\/tihary.bigdevacademy.com\/#organization\",\"name\":\"SudAfricaHotel\",\"url\":\"https:\/\/tihary.bigdevacademy.com\/\",\"logo\":{\"@type\":\"ImageObject\",\"inLanguage\":\"fr-FR\",\"@id\":\"https:\/\/tihary.bigdevacademy.com\/#\/schema\/logo\/image\/\",\"url\":\"https:\/\/tihary.bigdevacademy.com\/wp-content\/uploads\/2025\/06\/Black_and_Gold_Vintage_Luxury_Hotel_Logo-removebg-preview-e1750323504943.png\",\"contentUrl\":\"https:\/\/tihary.bigdevacademy.com\/wp-content\/uploads\/2025\/06\/Black_and_Gold_Vintage_Luxury_Hotel_Logo-removebg-preview-e1750323504943.png\",\"width\":337,\"height\":335,\"caption\":\"SudAfricaHotel\"},\"image\":{\"@id\":\"https:\/\/tihary.bigdevacademy.com\/#\/schema\/logo\/image\/\"}}]}<\/script>\n<!-- \/ Yoast SEO plugin. -->","yoast_head_json":{"title":"Spa & D\u00e9tente - Luxury Hotel Afrique du Sud","description":"Offrez-vous un moment de d\u00e9tente dans notre spa face \u00e0 l\u2019oc\u00e9an. Massages, soins du corps et ambiance zen au c\u0153ur de l\u2019Afrique du Sud.","robots":{"index":"index","follow":"follow","max-snippet":"max-snippet:-1","max-image-preview":"max-image-preview:large","max-video-preview":"max-video-preview:-1"},"canonical":"https:\/\/tihary.bigdevacademy.com\/index.php\/spa\/","og_locale":"fr_FR","og_type":"article","og_title":"Spa & D\u00e9tente - Luxury Hotel Afrique du Sud","og_description":"Offrez-vous un moment de d\u00e9tente dans notre spa face \u00e0 l\u2019oc\u00e9an. Massages, soins du corps et ambiance zen au c\u0153ur de l\u2019Afrique du Sud.","og_url":"https:\/\/tihary.bigdevacademy.com\/index.php\/spa\/","og_site_name":"SudAfricaHotel","article_modified_time":"2025-06-26T16:06:27+00:00","twitter_card":"summary_large_image","twitter_misc":{"Dur\u00e9e de lecture estim\u00e9e":"1 minute"},"schema":{"@context":"https:\/\/schema.org","@graph":[{"@type":"WebPage","@id":"https:\/\/tihary.bigdevacademy.com\/index.php\/spa\/","url":"https:\/\/tihary.bigdevacademy.com\/index.php\/spa\/","name":"Spa & D\u00e9tente - Luxury Hotel Afrique du Sud","isPartOf":{"@id":"https:\/\/tihary.bigdevacademy.com\/#website"},"datePublished":"2025-06-19T08:39:05+00:00","dateModified":"2025-06-26T16:06:27+00:00","description":"Offrez-vous un moment de d\u00e9tente dans notre spa face \u00e0 l\u2019oc\u00e9an. Massages, soins du corps et ambiance zen au c\u0153ur de l\u2019Afrique du Sud.","breadcrumb":{"@id":"https:\/\/tihary.bigdevacademy.com\/index.php\/spa\/#breadcrumb"},"inLanguage":"fr-FR","potentialAction":[{"@type":"ReadAction","target":["https:\/\/tihary.bigdevacademy.com\/index.php\/spa\/"]}]},{"@type":"BreadcrumbList","@id":"https:\/\/tihary.bigdevacademy.com\/index.php\/spa\/#breadcrumb","itemListElement":[{"@type":"ListItem","position":1,"name":"Accueil","item":"https:\/\/tihary.bigdevacademy.com\/"},{"@type":"ListItem","position":2,"name":"Spa"}]},{"@type":"WebSite","@id":"https:\/\/tihary.bigdevacademy.com\/#website","url":"https:\/\/tihary.bigdevacademy.com\/","name":"SudAfricaHotel","description":"","publisher":{"@id":"https:\/\/tihary.bigdevacademy.com\/#organization"},"potentialAction":[{"@type":"SearchAction","target":{"@type":"EntryPoint","urlTemplate":"https:\/\/tihary.bigdevacademy.com\/?s={search_term_string}"},"query-input":{"@type":"PropertyValueSpecification","valueRequired":true,"valueName":"search_term_string"}}],"inLanguage":"fr-FR"},{"@type":"Organization","@id":"https:\/\/tihary.bigdevacademy.com\/#organization","name":"SudAfricaHotel","url":"https:\/\/tihary.bigdevacademy.com\/","logo":{"@type":"ImageObject","inLanguage":"fr-FR","@id":"https:\/\/tihary.bigdevacademy.com\/#\/schema\/logo\/image\/","url":"https:\/\/tihary.bigdevacademy.com\/wp-content\/uploads\/2025\/06\/Black_and_Gold_Vintage_Luxury_Hotel_Logo-removebg-preview-e1750323504943.png","contentUrl":"https:\/\/tihary.bigdevacademy.com\/wp-content\/uploads\/2025\/06\/Black_and_Gold_Vintage_Luxury_Hotel_Logo-removebg-preview-e1750323504943.png","width":337,"height":335,"caption":"SudAfricaHotel"},"image":{"@id":"https:\/\/tihary.bigdevacademy.com\/#\/schema\/logo\/image\/"}}]}},"_links":{"self":[{"href":"https:\/\/tihary.bigdevacademy.com\/index.php\/wp-json\/wp\/v2\/pages\/24","targetHints":{"allow":["GET"]}}],"collection":[{"href":"https:\/\/tihary.bigdevacademy.com\/index.php\/wp-json\/wp\/v2\/pages"}],"about":[{"href":"https:\/\/tihary.bigdevacademy.com\/index.php\/wp-json\/wp\/v2\/types\/page"}],"author":[{"embeddable":true,"href":"https:\/\/tihary.bigdevacademy.com\/index.php\/wp-json\/wp\/v2\/users\/1"}],"replies":[{"embeddable":true,"href":"https:\/\/tihary.bigdevacademy.com\/index.php\/wp-json\/wp\/v2\/comments?post=24"}],"version-history":[{"count":67,"href":"https:\/\/tihary.bigdevacademy.com\/index.php\/wp-json\/wp\/v2\/pages\/24\/revisions"}],"predecessor-version":[{"id":1369,"href":"https:\/\/tihary.bigdevacademy.com\/index.php\/wp-json\/wp\/v2\/pages\/24\/revisions\/1369"}],"wp:attachment":[{"href":"https:\/\/tihary.bigdevacademy.com\/index.php\/wp-json\/wp\/v2\/media?parent=24"}],"curies":[{"name":"wp","href":"https:\/\/api.w.org\/{rel}","templated":true}]}}