{"id":30,"date":"2025-06-19T10:39:40","date_gmt":"2025-06-19T08:39:40","guid":{"rendered":"https:\/\/tihary.bigdevacademy.com\/?page_id=30"},"modified":"2025-06-21T18:59:54","modified_gmt":"2025-06-21T16:59:54","slug":"galerie","status":"publish","type":"page","link":"https:\/\/tihary.bigdevacademy.com\/index.php\/galerie\/","title":{"rendered":"Galerie"},"content":{"rendered":"\t\t<div data-elementor-type=\"wp-page\" data-elementor-id=\"30\" class=\"elementor elementor-30\" data-elementor-post-type=\"page\">\n\t\t\t\t\t\t<section class=\"elementor-section elementor-top-section elementor-element elementor-element-d38b15c elementor-section-height-min-height elementor-section-boxed elementor-section-height-default elementor-section-items-middle\" data-id=\"d38b15c\" data-element_type=\"section\" data-settings=\"{&quot;background_background&quot;:&quot;classic&quot;,&quot;background_motion_fx_translateY_effect&quot;:&quot;yes&quot;,&quot;background_motion_fx_translateY_speed&quot;:{&quot;unit&quot;:&quot;px&quot;,&quot;size&quot;:4.5,&quot;sizes&quot;:[]},&quot;background_motion_fx_motion_fx_scrolling&quot;:&quot;yes&quot;,&quot;background_motion_fx_translateY_affectedRange&quot;:{&quot;unit&quot;:&quot;%&quot;,&quot;size&quot;:&quot;&quot;,&quot;sizes&quot;:{&quot;start&quot;:0,&quot;end&quot;:100}},&quot;background_motion_fx_devices&quot;:[&quot;desktop&quot;,&quot;tablet&quot;,&quot;mobile&quot;]}\">\n\t\t\t\t\t\t\t<div class=\"elementor-background-overlay\"><\/div>\n\t\t\t\t\t\t\t<div class=\"elementor-container elementor-column-gap-default\">\n\t\t\t\t\t<div class=\"elementor-column elementor-col-100 elementor-top-column elementor-element elementor-element-7d074c2\" data-id=\"7d074c2\" data-element_type=\"column\">\n\t\t\t<div class=\"elementor-widget-wrap elementor-element-populated\">\n\t\t\t\t\t\t<div class=\"elementor-element elementor-element-03f6135 elementor-widget elementor-widget-heading\" data-id=\"03f6135\" data-element_type=\"widget\" data-widget_type=\"heading.default\">\n\t\t\t\t<div class=\"elementor-widget-container\">\n\t\t\t\t\t<h1 class=\"elementor-heading-title elementor-size-default\">Galerie<\/h1>\t\t\t\t<\/div>\n\t\t\t\t<\/div>\n\t\t\t\t<div class=\"elementor-element elementor-element-ddbf514 elementor-invisible elementor-widget elementor-widget-image\" data-id=\"ddbf514\" data-element_type=\"widget\" data-settings=\"{&quot;_animation&quot;:&quot;fadeInDown&quot;}\" data-widget_type=\"image.default\">\n\t\t\t\t<div class=\"elementor-widget-container\">\n\t\t\t\t\t\t\t\t\t\t\t\t\t\t\t<img decoding=\"async\" width=\"200\" height=\"15\" src=\"https:\/\/tihary.bigdevacademy.com\/wp-content\/uploads\/2025\/06\/divider.png\" class=\"attachment-full size-full wp-image-87\" alt=\"\" \/>\t\t\t\t\t\t\t\t\t\t\t\t\t\t\t<\/div>\n\t\t\t\t<\/div>\n\t\t\t\t<div class=\"elementor-element elementor-element-af320fc elementor-widget elementor-widget-text-editor\" data-id=\"af320fc\" data-element_type=\"widget\" data-widget_type=\"text-editor.default\">\n\t\t\t\t<div class=\"elementor-widget-container\">\n\t\t\t\t\t\t\t\t\t<p>La collection de tous les photos de l&rsquo;h\u00f4tel se trouvera ici, n&rsquo;h\u00e9sitez pas \u00e0 explorer<\/p>\t\t\t\t\t\t\t\t<\/div>\n\t\t\t\t<\/div>\n\t\t\t\t\t<\/div>\n\t\t<\/div>\n\t\t\t\t\t<\/div>\n\t\t<\/section>\n\t\t\t\t<section class=\"elementor-section elementor-top-section elementor-element elementor-element-7fa181bd envato-kit-141 elementor-section-boxed elementor-section-height-default elementor-section-height-default\" data-id=\"7fa181bd\" data-element_type=\"section\" data-settings=\"{&quot;background_background&quot;:&quot;classic&quot;}\">\n\t\t\t\t\t\t\t<div class=\"elementor-background-overlay\"><\/div>\n\t\t\t\t\t\t\t<div class=\"elementor-container elementor-column-gap-no\">\n\t\t\t\t\t<div class=\"elementor-column elementor-col-50 elementor-top-column elementor-element elementor-element-35f3a2a2\" data-id=\"35f3a2a2\" data-element_type=\"column\">\n\t\t\t<div class=\"elementor-widget-wrap elementor-element-populated\">\n\t\t\t\t\t\t<div class=\"elementor-element elementor-element-7d59bfc1 elementor-invisible elementor-widget elementor-widget-image\" data-id=\"7d59bfc1\" data-element_type=\"widget\" data-settings=\"{&quot;_animation&quot;:&quot;fadeIn&quot;,&quot;_animation_delay&quot;:100}\" data-widget_type=\"image.default\">\n\t\t\t\t<div class=\"elementor-widget-container\">\n\t\t\t\t\t\t\t\t\t\t\t\t\t\t\t\t<a href=\"#\">\n\t\t\t\t\t\t\t<img decoding=\"async\" src=\"https:\/\/tihary.bigdevacademy.com\/wp-content\/uploads\/elementor\/thumbs\/35-r7mt5qyjalcmbrvqrq5hopg4c35tst9vpxvbr1ozls.jpg\" title=\"35\" alt=\"35\" loading=\"lazy\" \/>\t\t\t\t\t\t\t\t<\/a>\n\t\t\t\t\t\t\t\t\t\t\t\t\t\t\t<\/div>\n\t\t\t\t<\/div>\n\t\t\t\t\t<\/div>\n\t\t<\/div>\n\t\t\t\t<div class=\"elementor-column elementor-col-50 elementor-top-column elementor-element elementor-element-72344553\" data-id=\"72344553\" data-element_type=\"column\">\n\t\t\t<div class=\"elementor-widget-wrap elementor-element-populated\">\n\t\t\t\t\t\t<div class=\"elementor-element elementor-element-695a1d1e elementor-invisible elementor-widget elementor-widget-image\" data-id=\"695a1d1e\" data-element_type=\"widget\" data-settings=\"{&quot;_animation&quot;:&quot;fadeIn&quot;,&quot;_animation_delay&quot;:200}\" data-widget_type=\"image.default\">\n\t\t\t\t<div class=\"elementor-widget-container\">\n\t\t\t\t\t\t\t\t\t\t\t\t\t\t\t\t<a href=\"#\">\n\t\t\t\t\t\t\t<img decoding=\"async\" src=\"https:\/\/tihary.bigdevacademy.com\/wp-content\/uploads\/elementor\/thumbs\/53-r7mwdr7gri3a4oywkibj2vp9a0vdeil3bro15me15w.jpg\" title=\"A woman is pictured receiving a relaxing facial massage at a spa. This image can be used to promote self-care and the benefits of spa treatments\" alt=\"A woman is pictured receiving a relaxing facial massage at a spa. This image can be used to promote self-care and the benefits of spa treatments.\" loading=\"lazy\" \/>\t\t\t\t\t\t\t\t<\/a>\n\t\t\t\t\t\t\t\t\t\t\t\t\t\t\t<\/div>\n\t\t\t\t<\/div>\n\t\t\t\t<section class=\"elementor-section elementor-inner-section elementor-element elementor-element-6818ba52 elementor-section-boxed elementor-section-height-default elementor-section-height-default\" data-id=\"6818ba52\" data-element_type=\"section\">\n\t\t\t\t\t\t<div class=\"elementor-container elementor-column-gap-no\">\n\t\t\t\t\t<div class=\"elementor-column elementor-col-50 elementor-inner-column elementor-element elementor-element-e5da62\" data-id=\"e5da62\" data-element_type=\"column\">\n\t\t\t<div class=\"elementor-widget-wrap elementor-element-populated\">\n\t\t\t\t\t\t<div class=\"elementor-element elementor-element-3433559b elementor-invisible elementor-widget elementor-widget-image\" data-id=\"3433559b\" data-element_type=\"widget\" data-settings=\"{&quot;_animation&quot;:&quot;fadeIn&quot;,&quot;_animation_delay&quot;:300}\" data-widget_type=\"image.default\">\n\t\t\t\t<div class=\"elementor-widget-container\">\n\t\t\t\t\t\t\t\t\t\t\t\t\t\t\t\t<a href=\"#\">\n\t\t\t\t\t\t\t<img decoding=\"async\" src=\"https:\/\/tihary.bigdevacademy.com\/wp-content\/uploads\/elementor\/thumbs\/33-e1750832592118-r7tdq40fp0g6vgr3jbhudbe69e8vh9sb2ugfu0hg2o.jpg\" title=\"33\" alt=\"33\" loading=\"lazy\" \/>\t\t\t\t\t\t\t\t<\/a>\n\t\t\t\t\t\t\t\t\t\t\t\t\t\t\t<\/div>\n\t\t\t\t<\/div>\n\t\t\t\t\t<\/div>\n\t\t<\/div>\n\t\t\t\t<div class=\"elementor-column elementor-col-50 elementor-inner-column elementor-element elementor-element-7b5cf395\" data-id=\"7b5cf395\" data-element_type=\"column\">\n\t\t\t<div class=\"elementor-widget-wrap elementor-element-populated\">\n\t\t\t\t\t\t<div class=\"elementor-element elementor-element-50f74e9c elementor-invisible elementor-widget elementor-widget-image\" data-id=\"50f74e9c\" data-element_type=\"widget\" data-settings=\"{&quot;_animation&quot;:&quot;fadeIn&quot;,&quot;_animation_delay&quot;:400}\" data-widget_type=\"image.default\">\n\t\t\t\t<div class=\"elementor-widget-container\">\n\t\t\t\t\t\t\t\t\t\t\t\t\t\t\t\t<a href=\"#\">\n\t\t\t\t\t\t\t<img decoding=\"async\" src=\"https:\/\/tihary.bigdevacademy.com\/wp-content\/uploads\/elementor\/thumbs\/86-r7msuuzp99abed25ov9dumzgh1z9006xovh611x9k0.jpg\" title=\"86\" alt=\"86\" loading=\"lazy\" \/>\t\t\t\t\t\t\t\t<\/a>\n\t\t\t\t\t\t\t\t\t\t\t\t\t\t\t<\/div>\n\t\t\t\t<\/div>\n\t\t\t\t\t<\/div>\n\t\t<\/div>\n\t\t\t\t\t<\/div>\n\t\t<\/section>\n\t\t\t\t\t<\/div>\n\t\t<\/div>\n\t\t\t\t\t<\/div>\n\t\t<\/section>\n\t\t\t\t<section class=\"elementor-section elementor-top-section elementor-element elementor-element-1df03d3e envato-kit-141 elementor-section-boxed elementor-section-height-default elementor-section-height-default\" data-id=\"1df03d3e\" data-element_type=\"section\" data-settings=\"{&quot;background_background&quot;:&quot;classic&quot;}\">\n\t\t\t\t\t\t\t<div class=\"elementor-background-overlay\"><\/div>\n\t\t\t\t\t\t\t<div class=\"elementor-container elementor-column-gap-no\">\n\t\t\t\t\t<div class=\"elementor-column elementor-col-50 elementor-top-column elementor-element elementor-element-4529ed21\" data-id=\"4529ed21\" data-element_type=\"column\">\n\t\t\t<div class=\"elementor-widget-wrap elementor-element-populated\">\n\t\t\t\t\t\t<section class=\"elementor-section elementor-inner-section elementor-element elementor-element-44c77e8f elementor-section-boxed elementor-section-height-default elementor-section-height-default\" data-id=\"44c77e8f\" data-element_type=\"section\">\n\t\t\t\t\t\t<div class=\"elementor-container elementor-column-gap-no\">\n\t\t\t\t\t<div class=\"elementor-column elementor-col-50 elementor-inner-column elementor-element elementor-element-33e8fabb\" data-id=\"33e8fabb\" data-element_type=\"column\">\n\t\t\t<div class=\"elementor-widget-wrap elementor-element-populated\">\n\t\t\t\t\t\t<div class=\"elementor-element elementor-element-259d3d8 elementor-invisible elementor-widget elementor-widget-image\" data-id=\"259d3d8\" data-element_type=\"widget\" data-settings=\"{&quot;_animation&quot;:&quot;fadeIn&quot;,&quot;_animation_delay&quot;:100}\" data-widget_type=\"image.default\">\n\t\t\t\t<div class=\"elementor-widget-container\">\n\t\t\t\t\t\t\t\t\t\t\t\t\t\t\t\t<a href=\"#\">\n\t\t\t\t\t\t\t<img decoding=\"async\" src=\"https:\/\/tihary.bigdevacademy.com\/wp-content\/uploads\/elementor\/thumbs\/18-e1750831524612-r7tcy84sxy9yfx9ad9kaecpvtvov4j2z8tpvahtwo0.jpg\" title=\"18\" alt=\"\u00e9v\u00e8nement-1\" loading=\"lazy\" \/>\t\t\t\t\t\t\t\t<\/a>\n\t\t\t\t\t\t\t\t\t\t\t\t\t\t\t<\/div>\n\t\t\t\t<\/div>\n\t\t\t\t\t<\/div>\n\t\t<\/div>\n\t\t\t\t<div class=\"elementor-column elementor-col-50 elementor-inner-column elementor-element elementor-element-2484058a\" data-id=\"2484058a\" data-element_type=\"column\">\n\t\t\t<div class=\"elementor-widget-wrap elementor-element-populated\">\n\t\t\t\t\t\t<div class=\"elementor-element elementor-element-1394c3bb elementor-invisible elementor-widget elementor-widget-image\" data-id=\"1394c3bb\" data-element_type=\"widget\" data-settings=\"{&quot;_animation&quot;:&quot;fadeIn&quot;,&quot;_animation_delay&quot;:200}\" data-widget_type=\"image.default\">\n\t\t\t\t<div class=\"elementor-widget-container\">\n\t\t\t\t\t\t\t\t\t\t\t\t\t\t\t\t<a href=\"#\">\n\t\t\t\t\t\t\t<img decoding=\"async\" src=\"https:\/\/tihary.bigdevacademy.com\/wp-content\/uploads\/elementor\/thumbs\/23-r7msjfae3tmq55o6gxasiivkaachcksi49qhtuvp9c.jpg\" title=\"23\" alt=\"restaurant-1\" loading=\"lazy\" \/>\t\t\t\t\t\t\t\t<\/a>\n\t\t\t\t\t\t\t\t\t\t\t\t\t\t\t<\/div>\n\t\t\t\t<\/div>\n\t\t\t\t\t<\/div>\n\t\t<\/div>\n\t\t\t\t\t<\/div>\n\t\t<\/section>\n\t\t\t\t\t<\/div>\n\t\t<\/div>\n\t\t\t\t<div class=\"elementor-column elementor-col-50 elementor-top-column elementor-element elementor-element-4eecd280\" data-id=\"4eecd280\" data-element_type=\"column\">\n\t\t\t<div class=\"elementor-widget-wrap elementor-element-populated\">\n\t\t\t\t\t\t<div class=\"elementor-element elementor-element-27528154 elementor-invisible elementor-widget elementor-widget-image\" data-id=\"27528154\" data-element_type=\"widget\" data-settings=\"{&quot;_animation&quot;:&quot;fadeIn&quot;,&quot;_animation_delay&quot;:300}\" data-widget_type=\"image.default\">\n\t\t\t\t<div class=\"elementor-widget-container\">\n\t\t\t\t\t\t\t\t\t\t\t\t\t\t\t\t<a href=\"#\">\n\t\t\t\t\t\t\t<img decoding=\"async\" src=\"https:\/\/tihary.bigdevacademy.com\/wp-content\/uploads\/elementor\/thumbs\/57-r7n2h103269ahygq6agfqjq9zw3v0n2wt2bpfd9tno.jpg\" title=\"Concept,Of,Pure,Organic,Essential,Oil,In,Glass,Bottles,In\" alt=\"Concept,Of,Pure,Organic,Essential,Oil,In,Glass,Bottles,In\" loading=\"lazy\" \/>\t\t\t\t\t\t\t\t<\/a>\n\t\t\t\t\t\t\t\t\t\t\t\t\t\t\t<\/div>\n\t\t\t\t<\/div>\n\t\t\t\t\t<\/div>\n\t\t<\/div>\n\t\t\t\t\t<\/div>\n\t\t<\/section>\n\t\t\t\t<\/div>\n\t\t","protected":false},"excerpt":{"rendered":"<p>Galerie La collection de tous les photos de l&rsquo;h\u00f4tel se trouvera ici, n&rsquo;h\u00e9sitez pas \u00e0 explorer<\/p>\n","protected":false},"author":1,"featured_media":0,"parent":0,"menu_order":0,"comment_status":"closed","ping_status":"closed","template":"","meta":{"footnotes":""},"class_list":["post-30","page","type-page","status-publish","hentry"],"yoast_head":"<!-- This site is optimized with the Yoast SEO plugin v25.3.1 - https:\/\/yoast.com\/wordpress\/plugins\/seo\/ -->\n<title>Galerie - SudAfricaHotel<\/title>\n<meta name=\"robots\" content=\"index, follow, max-snippet:-1, max-image-preview:large, max-video-preview:-1\" \/>\n<link rel=\"canonical\" href=\"https:\/\/tihary.bigdevacademy.com\/index.php\/galerie\/\" \/>\n<meta property=\"og:locale\" content=\"fr_FR\" \/>\n<meta property=\"og:type\" content=\"article\" \/>\n<meta property=\"og:title\" content=\"Galerie - SudAfricaHotel\" \/>\n<meta property=\"og:description\" content=\"Galerie La collection de tous les photos de l&rsquo;h\u00f4tel se trouvera ici, n&rsquo;h\u00e9sitez pas \u00e0 explorer\" \/>\n<meta property=\"og:url\" content=\"https:\/\/tihary.bigdevacademy.com\/index.php\/galerie\/\" \/>\n<meta property=\"og:site_name\" content=\"SudAfricaHotel\" \/>\n<meta property=\"article:modified_time\" content=\"2025-06-21T16:59:54+00:00\" \/>\n<meta property=\"og:image\" content=\"https:\/\/tihary.bigdevacademy.com\/wp-content\/uploads\/2025\/06\/divider.png\" \/>\n\t<meta property=\"og:image:width\" content=\"200\" \/>\n\t<meta property=\"og:image:height\" content=\"15\" \/>\n\t<meta property=\"og:image:type\" content=\"image\/png\" \/>\n<meta name=\"twitter:card\" content=\"summary_large_image\" \/>\n<script type=\"application\/ld+json\" class=\"yoast-schema-graph\">{\"@context\":\"https:\/\/schema.org\",\"@graph\":[{\"@type\":\"WebPage\",\"@id\":\"https:\/\/tihary.bigdevacademy.com\/index.php\/galerie\/\",\"url\":\"https:\/\/tihary.bigdevacademy.com\/index.php\/galerie\/\",\"name\":\"Galerie - SudAfricaHotel\",\"isPartOf\":{\"@id\":\"https:\/\/tihary.bigdevacademy.com\/#website\"},\"primaryImageOfPage\":{\"@id\":\"https:\/\/tihary.bigdevacademy.com\/index.php\/galerie\/#primaryimage\"},\"image\":{\"@id\":\"https:\/\/tihary.bigdevacademy.com\/index.php\/galerie\/#primaryimage\"},\"thumbnailUrl\":\"https:\/\/tihary.bigdevacademy.com\/wp-content\/uploads\/2025\/06\/divider.png\",\"datePublished\":\"2025-06-19T08:39:40+00:00\",\"dateModified\":\"2025-06-21T16:59:54+00:00\",\"breadcrumb\":{\"@id\":\"https:\/\/tihary.bigdevacademy.com\/index.php\/galerie\/#breadcrumb\"},\"inLanguage\":\"fr-FR\",\"potentialAction\":[{\"@type\":\"ReadAction\",\"target\":[\"https:\/\/tihary.bigdevacademy.com\/index.php\/galerie\/\"]}]},{\"@type\":\"ImageObject\",\"inLanguage\":\"fr-FR\",\"@id\":\"https:\/\/tihary.bigdevacademy.com\/index.php\/galerie\/#primaryimage\",\"url\":\"https:\/\/tihary.bigdevacademy.com\/wp-content\/uploads\/2025\/06\/divider.png\",\"contentUrl\":\"https:\/\/tihary.bigdevacademy.com\/wp-content\/uploads\/2025\/06\/divider.png\",\"width\":200,\"height\":15},{\"@type\":\"BreadcrumbList\",\"@id\":\"https:\/\/tihary.bigdevacademy.com\/index.php\/galerie\/#breadcrumb\",\"itemListElement\":[{\"@type\":\"ListItem\",\"position\":1,\"name\":\"Accueil\",\"item\":\"https:\/\/tihary.bigdevacademy.com\/\"},{\"@type\":\"ListItem\",\"position\":2,\"name\":\"Galerie\"}]},{\"@type\":\"WebSite\",\"@id\":\"https:\/\/tihary.bigdevacademy.com\/#website\",\"url\":\"https:\/\/tihary.bigdevacademy.com\/\",\"name\":\"SudAfricaHotel\",\"description\":\"\",\"publisher\":{\"@id\":\"https:\/\/tihary.bigdevacademy.com\/#organization\"},\"potentialAction\":[{\"@type\":\"SearchAction\",\"target\":{\"@type\":\"EntryPoint\",\"urlTemplate\":\"https:\/\/tihary.bigdevacademy.com\/?s={search_term_string}\"},\"query-input\":{\"@type\":\"PropertyValueSpecification\",\"valueRequired\":true,\"valueName\":\"search_term_string\"}}],\"inLanguage\":\"fr-FR\"},{\"@type\":\"Organization\",\"@id\":\"https:\/\/tihary.bigdevacademy.com\/#organization\",\"name\":\"SudAfricaHotel\",\"url\":\"https:\/\/tihary.bigdevacademy.com\/\",\"logo\":{\"@type\":\"ImageObject\",\"inLanguage\":\"fr-FR\",\"@id\":\"https:\/\/tihary.bigdevacademy.com\/#\/schema\/logo\/image\/\",\"url\":\"https:\/\/tihary.bigdevacademy.com\/wp-content\/uploads\/2025\/06\/Black_and_Gold_Vintage_Luxury_Hotel_Logo-removebg-preview-e1750323504943.png\",\"contentUrl\":\"https:\/\/tihary.bigdevacademy.com\/wp-content\/uploads\/2025\/06\/Black_and_Gold_Vintage_Luxury_Hotel_Logo-removebg-preview-e1750323504943.png\",\"width\":337,\"height\":335,\"caption\":\"SudAfricaHotel\"},\"image\":{\"@id\":\"https:\/\/tihary.bigdevacademy.com\/#\/schema\/logo\/image\/\"}}]}<\/script>\n<!-- \/ Yoast SEO plugin. -->","yoast_head_json":{"title":"Galerie - SudAfricaHotel","robots":{"index":"index","follow":"follow","max-snippet":"max-snippet:-1","max-image-preview":"max-image-preview:large","max-video-preview":"max-video-preview:-1"},"canonical":"https:\/\/tihary.bigdevacademy.com\/index.php\/galerie\/","og_locale":"fr_FR","og_type":"article","og_title":"Galerie - SudAfricaHotel","og_description":"Galerie La collection de tous les photos de l&rsquo;h\u00f4tel se trouvera ici, n&rsquo;h\u00e9sitez pas \u00e0 explorer","og_url":"https:\/\/tihary.bigdevacademy.com\/index.php\/galerie\/","og_site_name":"SudAfricaHotel","article_modified_time":"2025-06-21T16:59:54+00:00","og_image":[{"width":200,"height":15,"url":"https:\/\/tihary.bigdevacademy.com\/wp-content\/uploads\/2025\/06\/divider.png","type":"image\/png"}],"twitter_card":"summary_large_image","schema":{"@context":"https:\/\/schema.org","@graph":[{"@type":"WebPage","@id":"https:\/\/tihary.bigdevacademy.com\/index.php\/galerie\/","url":"https:\/\/tihary.bigdevacademy.com\/index.php\/galerie\/","name":"Galerie - SudAfricaHotel","isPartOf":{"@id":"https:\/\/tihary.bigdevacademy.com\/#website"},"primaryImageOfPage":{"@id":"https:\/\/tihary.bigdevacademy.com\/index.php\/galerie\/#primaryimage"},"image":{"@id":"https:\/\/tihary.bigdevacademy.com\/index.php\/galerie\/#primaryimage"},"thumbnailUrl":"https:\/\/tihary.bigdevacademy.com\/wp-content\/uploads\/2025\/06\/divider.png","datePublished":"2025-06-19T08:39:40+00:00","dateModified":"2025-06-21T16:59:54+00:00","breadcrumb":{"@id":"https:\/\/tihary.bigdevacademy.com\/index.php\/galerie\/#breadcrumb"},"inLanguage":"fr-FR","potentialAction":[{"@type":"ReadAction","target":["https:\/\/tihary.bigdevacademy.com\/index.php\/galerie\/"]}]},{"@type":"ImageObject","inLanguage":"fr-FR","@id":"https:\/\/tihary.bigdevacademy.com\/index.php\/galerie\/#primaryimage","url":"https:\/\/tihary.bigdevacademy.com\/wp-content\/uploads\/2025\/06\/divider.png","contentUrl":"https:\/\/tihary.bigdevacademy.com\/wp-content\/uploads\/2025\/06\/divider.png","width":200,"height":15},{"@type":"BreadcrumbList","@id":"https:\/\/tihary.bigdevacademy.com\/index.php\/galerie\/#breadcrumb","itemListElement":[{"@type":"ListItem","position":1,"name":"Accueil","item":"https:\/\/tihary.bigdevacademy.com\/"},{"@type":"ListItem","position":2,"name":"Galerie"}]},{"@type":"WebSite","@id":"https:\/\/tihary.bigdevacademy.com\/#website","url":"https:\/\/tihary.bigdevacademy.com\/","name":"SudAfricaHotel","description":"","publisher":{"@id":"https:\/\/tihary.bigdevacademy.com\/#organization"},"potentialAction":[{"@type":"SearchAction","target":{"@type":"EntryPoint","urlTemplate":"https:\/\/tihary.bigdevacademy.com\/?s={search_term_string}"},"query-input":{"@type":"PropertyValueSpecification","valueRequired":true,"valueName":"search_term_string"}}],"inLanguage":"fr-FR"},{"@type":"Organization","@id":"https:\/\/tihary.bigdevacademy.com\/#organization","name":"SudAfricaHotel","url":"https:\/\/tihary.bigdevacademy.com\/","logo":{"@type":"ImageObject","inLanguage":"fr-FR","@id":"https:\/\/tihary.bigdevacademy.com\/#\/schema\/logo\/image\/","url":"https:\/\/tihary.bigdevacademy.com\/wp-content\/uploads\/2025\/06\/Black_and_Gold_Vintage_Luxury_Hotel_Logo-removebg-preview-e1750323504943.png","contentUrl":"https:\/\/tihary.bigdevacademy.com\/wp-content\/uploads\/2025\/06\/Black_and_Gold_Vintage_Luxury_Hotel_Logo-removebg-preview-e1750323504943.png","width":337,"height":335,"caption":"SudAfricaHotel"},"image":{"@id":"https:\/\/tihary.bigdevacademy.com\/#\/schema\/logo\/image\/"}}]}},"_links":{"self":[{"href":"https:\/\/tihary.bigdevacademy.com\/index.php\/wp-json\/wp\/v2\/pages\/30","targetHints":{"allow":["GET"]}}],"collection":[{"href":"https:\/\/tihary.bigdevacademy.com\/index.php\/wp-json\/wp\/v2\/pages"}],"about":[{"href":"https:\/\/tihary.bigdevacademy.com\/index.php\/wp-json\/wp\/v2\/types\/page"}],"author":[{"embeddable":true,"href":"https:\/\/tihary.bigdevacademy.com\/index.php\/wp-json\/wp\/v2\/users\/1"}],"replies":[{"embeddable":true,"href":"https:\/\/tihary.bigdevacademy.com\/index.php\/wp-json\/wp\/v2\/comments?post=30"}],"version-history":[{"count":13,"href":"https:\/\/tihary.bigdevacademy.com\/index.php\/wp-json\/wp\/v2\/pages\/30\/revisions"}],"predecessor-version":[{"id":906,"href":"https:\/\/tihary.bigdevacademy.com\/index.php\/wp-json\/wp\/v2\/pages\/30\/revisions\/906"}],"wp:attachment":[{"href":"https:\/\/tihary.bigdevacademy.com\/index.php\/wp-json\/wp\/v2\/media?parent=30"}],"curies":[{"name":"wp","href":"https:\/\/api.w.org\/{rel}","templated":true}]}}