{"id":36,"date":"2025-06-19T10:40:16","date_gmt":"2025-06-19T08:40:16","guid":{"rendered":"https:\/\/tihary.bigdevacademy.com\/?page_id=36"},"modified":"2025-06-21T13:41:50","modified_gmt":"2025-06-21T11:41:50","slug":"contact","status":"publish","type":"page","link":"https:\/\/tihary.bigdevacademy.com\/index.php\/contact\/","title":{"rendered":"Contact"},"content":{"rendered":"\t\t<div data-elementor-type=\"wp-page\" data-elementor-id=\"36\" class=\"elementor elementor-36\" data-elementor-post-type=\"page\">\n\t\t\t\t\t\t<section class=\"elementor-section elementor-top-section elementor-element elementor-element-725a7dbf elementor-section-content-middle elementor-section-height-min-height elementor-section-items-stretch elementor-reverse-tablet elementor-reverse-mobile elementor-section-boxed elementor-section-height-default\" data-id=\"725a7dbf\" data-element_type=\"section\" data-settings=\"{&quot;background_background&quot;:&quot;classic&quot;}\">\n\t\t\t\t\t\t<div class=\"elementor-container elementor-column-gap-default\">\n\t\t\t\t\t<div class=\"elementor-column elementor-col-50 elementor-top-column elementor-element elementor-element-316c8376\" data-id=\"316c8376\" data-element_type=\"column\">\n\t\t\t<div class=\"elementor-widget-wrap elementor-element-populated\">\n\t\t\t\t\t\t<div class=\"elementor-element elementor-element-5621cdb6 elementor-widget elementor-widget-heading\" data-id=\"5621cdb6\" data-element_type=\"widget\" data-widget_type=\"heading.default\">\n\t\t\t\t<div class=\"elementor-widget-container\">\n\t\t\t\t\t<h2 class=\"elementor-heading-title elementor-size-default\">Contactez nous<\/h2>\t\t\t\t<\/div>\n\t\t\t\t<\/div>\n\t\t\t\t<div class=\"elementor-element elementor-element-236b449e elementor-shape-circle e-grid-align-left elementor-grid-0 elementor-widget elementor-widget-social-icons\" data-id=\"236b449e\" data-element_type=\"widget\" data-widget_type=\"social-icons.default\">\n\t\t\t\t<div class=\"elementor-widget-container\">\n\t\t\t\t\t\t\t<div class=\"elementor-social-icons-wrapper elementor-grid\" role=\"list\">\n\t\t\t\t\t\t\t<span class=\"elementor-grid-item\" role=\"listitem\">\n\t\t\t\t\t<a class=\"elementor-icon elementor-social-icon elementor-social-icon-facebook elementor-repeater-item-838912c\" href=\"#\" target=\"_blank\">\n\t\t\t\t\t\t<span class=\"elementor-screen-only\">Facebook<\/span>\n\t\t\t\t\t\t\t\t\t\t\t\t\t<i class=\"fa fa-facebook\"><\/i>\n\t\t\t\t\t\t\t\t\t\t\t<\/a>\n\t\t\t\t<\/span>\n\t\t\t\t\t\t\t<span class=\"elementor-grid-item\" role=\"listitem\">\n\t\t\t\t\t<a class=\"elementor-icon elementor-social-icon elementor-social-icon-twitter elementor-repeater-item-cfa9613\" href=\"#\" target=\"_blank\">\n\t\t\t\t\t\t<span class=\"elementor-screen-only\">Twitter<\/span>\n\t\t\t\t\t\t\t\t\t\t\t\t\t<i class=\"fa fa-twitter\"><\/i>\n\t\t\t\t\t\t\t\t\t\t\t<\/a>\n\t\t\t\t<\/span>\n\t\t\t\t\t\t\t<span class=\"elementor-grid-item\" role=\"listitem\">\n\t\t\t\t\t<a class=\"elementor-icon elementor-social-icon elementor-social-icon-instagram elementor-repeater-item-92b71f7\" href=\"#\" target=\"_blank\">\n\t\t\t\t\t\t<span class=\"elementor-screen-only\">Instagram<\/span>\n\t\t\t\t\t\t\t\t\t\t\t\t\t<i class=\"fa fa-instagram\"><\/i>\n\t\t\t\t\t\t\t\t\t\t\t<\/a>\n\t\t\t\t<\/span>\n\t\t\t\t\t\t\t<span class=\"elementor-grid-item\" role=\"listitem\">\n\t\t\t\t\t<a class=\"elementor-icon elementor-social-icon elementor-social-icon-youtube elementor-repeater-item-aa9e934\" target=\"_blank\">\n\t\t\t\t\t\t<span class=\"elementor-screen-only\">Youtube<\/span>\n\t\t\t\t\t\t\t\t\t\t\t\t\t<i class=\"fa fa-youtube\"><\/i>\n\t\t\t\t\t\t\t\t\t\t\t<\/a>\n\t\t\t\t<\/span>\n\t\t\t\t\t\t\t<span class=\"elementor-grid-item\" role=\"listitem\">\n\t\t\t\t\t<a class=\"elementor-icon elementor-social-icon elementor-social-icon-yelp elementor-repeater-item-7efb67f\" target=\"_blank\">\n\t\t\t\t\t\t<span class=\"elementor-screen-only\">Yelp<\/span>\n\t\t\t\t\t\t\t\t\t\t\t\t\t<i class=\"fa fa-yelp\"><\/i>\n\t\t\t\t\t\t\t\t\t\t\t<\/a>\n\t\t\t\t<\/span>\n\t\t\t\t\t<\/div>\n\t\t\t\t\t\t<\/div>\n\t\t\t\t<\/div>\n\t\t\t\t<div class=\"elementor-element elementor-element-29b589b6 elementor-widget elementor-widget-text-editor\" data-id=\"29b589b6\" data-element_type=\"widget\" data-widget_type=\"text-editor.default\">\n\t\t\t\t<div class=\"elementor-widget-container\">\n\t\t\t\t\t\t\t\t\t<p>Une question, une r\u00e9servation ou un besoin particulier ? Notre \u00e9quipe est \u00e0 votre \u00e9coute pour vous accompagner et rendre votre exp\u00e9rience unique. N\u2019h\u00e9sitez pas \u00e0 nous contacter \u2014 nous serons ravis de vous r\u00e9pondre rapidement et de vous accueillir dans les meilleures conditions.<\/p>\t\t\t\t\t\t\t\t<\/div>\n\t\t\t\t<\/div>\n\t\t\t\t<div class=\"elementor-element elementor-element-3d99d531 elementor-button-align-stretch elementor-widget elementor-widget-form\" data-id=\"3d99d531\" data-element_type=\"widget\" data-settings=\"{&quot;step_next_label&quot;:&quot;Next&quot;,&quot;step_previous_label&quot;:&quot;Previous&quot;,&quot;button_width&quot;:&quot;100&quot;,&quot;step_type&quot;:&quot;number_text&quot;,&quot;step_icon_shape&quot;:&quot;circle&quot;}\" data-widget_type=\"form.default\">\n\t\t\t\t<div class=\"elementor-widget-container\">\n\t\t\t\t\t\t\t<form class=\"elementor-form\" method=\"post\" name=\"New Form\">\n\t\t\t<input type=\"hidden\" name=\"post_id\" value=\"36\"\/>\n\t\t\t<input type=\"hidden\" name=\"form_id\" value=\"3d99d531\"\/>\n\t\t\t<input type=\"hidden\" name=\"referer_title\" value=\"Contact - SudAfricaHotel\" \/>\n\n\t\t\t\t\t\t\t<input type=\"hidden\" name=\"queried_id\" value=\"36\"\/>\n\t\t\t\n\t\t\t<div class=\"elementor-form-fields-wrapper elementor-labels-\">\n\t\t\t\t\t\t\t\t<div class=\"elementor-field-type-text elementor-field-group elementor-column elementor-field-group-name elementor-col-50\">\n\t\t\t\t\t\t\t\t\t\t\t\t<label for=\"form-field-name\" class=\"elementor-field-label elementor-screen-only\">\n\t\t\t\t\t\t\t\tName\t\t\t\t\t\t\t<\/label>\n\t\t\t\t\t\t\t\t\t\t\t\t\t\t<input size=\"1\" type=\"text\" name=\"form_fields[name]\" id=\"form-field-name\" class=\"elementor-field elementor-size-sm  elementor-field-textual\" placeholder=\"Votre nom\">\n\t\t\t\t\t\t\t\t\t\t\t<\/div>\n\t\t\t\t\t\t\t\t<div class=\"elementor-field-type-email elementor-field-group elementor-column elementor-field-group-email elementor-col-50 elementor-field-required\">\n\t\t\t\t\t\t\t\t\t\t\t\t<label for=\"form-field-email\" class=\"elementor-field-label elementor-screen-only\">\n\t\t\t\t\t\t\t\tEmail\t\t\t\t\t\t\t<\/label>\n\t\t\t\t\t\t\t\t\t\t\t\t\t\t<input size=\"1\" type=\"email\" name=\"form_fields[email]\" id=\"form-field-email\" class=\"elementor-field elementor-size-sm  elementor-field-textual\" placeholder=\"Votre email\" required=\"required\">\n\t\t\t\t\t\t\t\t\t\t\t<\/div>\n\t\t\t\t\t\t\t\t<div class=\"elementor-field-type-text elementor-field-group elementor-column elementor-field-group-field_1 elementor-col-100 elementor-field-required\">\n\t\t\t\t\t\t\t\t\t\t\t\t<label for=\"form-field-field_1\" class=\"elementor-field-label elementor-screen-only\">\n\t\t\t\t\t\t\t\tMessage\t\t\t\t\t\t\t<\/label>\n\t\t\t\t\t\t\t\t\t\t\t\t\t\t<input size=\"1\" type=\"text\" name=\"form_fields[field_1]\" id=\"form-field-field_1\" class=\"elementor-field elementor-size-sm  elementor-field-textual\" placeholder=\"Message\" required=\"required\">\n\t\t\t\t\t\t\t\t\t\t\t<\/div>\n\t\t\t\t\t\t\t\t<div class=\"elementor-field-group elementor-column elementor-field-type-submit elementor-col-100 e-form__buttons\">\n\t\t\t\t\t<button class=\"elementor-button elementor-size-lg\" type=\"submit\">\n\t\t\t\t\t\t<span class=\"elementor-button-content-wrapper\">\n\t\t\t\t\t\t\t\t\t\t\t\t\t\t\t\t\t\t\t\t\t\t<span class=\"elementor-button-text\">Envoyer<\/span>\n\t\t\t\t\t\t\t\t\t\t\t\t\t<\/span>\n\t\t\t\t\t<\/button>\n\t\t\t\t<\/div>\n\t\t\t<\/div>\n\t\t<\/form>\n\t\t\t\t\t\t<\/div>\n\t\t\t\t<\/div>\n\t\t\t\t\t<\/div>\n\t\t<\/div>\n\t\t\t\t<div class=\"elementor-column elementor-col-50 elementor-top-column elementor-element elementor-element-3a626dff\" data-id=\"3a626dff\" data-element_type=\"column\" data-settings=\"{&quot;background_background&quot;:&quot;classic&quot;}\">\n\t\t\t<div class=\"elementor-widget-wrap elementor-element-populated\">\n\t\t\t\t\t\t<div class=\"elementor-element elementor-element-5ce9cd1f elementor-widget elementor-widget-image\" data-id=\"5ce9cd1f\" data-element_type=\"widget\" data-settings=\"{&quot;motion_fx_translateY_effect&quot;:&quot;yes&quot;,&quot;motion_fx_motion_fx_scrolling&quot;:&quot;yes&quot;,&quot;motion_fx_translateY_speed&quot;:{&quot;unit&quot;:&quot;px&quot;,&quot;size&quot;:4,&quot;sizes&quot;:[]},&quot;motion_fx_translateY_affectedRange&quot;:{&quot;unit&quot;:&quot;%&quot;,&quot;size&quot;:&quot;&quot;,&quot;sizes&quot;:{&quot;start&quot;:0,&quot;end&quot;:100}},&quot;motion_fx_devices&quot;:[&quot;desktop&quot;,&quot;tablet&quot;,&quot;mobile&quot;]}\" data-widget_type=\"image.default\">\n\t\t\t\t<div class=\"elementor-widget-container\">\n\t\t\t\t\t\t\t\t\t\t\t\t\t\t\t<img decoding=\"async\" src=\"https:\/\/tihary.bigdevacademy.com\/wp-content\/uploads\/elementor\/thumbs\/86-r7msuuzroyv6mddmiozq2so6jqeibimdggnibuvpm8.jpg\" title=\"86\" alt=\"86\" loading=\"lazy\" \/>\t\t\t\t\t\t\t\t\t\t\t\t\t\t\t<\/div>\n\t\t\t\t<\/div>\n\t\t\t\t\t<\/div>\n\t\t<\/div>\n\t\t\t\t\t<\/div>\n\t\t<\/section>\n\t\t\t\t<section class=\"elementor-section elementor-top-section elementor-element elementor-element-3cc70dcf elementor-section-full_width elementor-section-height-default elementor-section-height-default\" data-id=\"3cc70dcf\" data-element_type=\"section\">\n\t\t\t\t\t\t<div class=\"elementor-container elementor-column-gap-no\">\n\t\t\t\t\t<div class=\"elementor-column elementor-col-100 elementor-top-column elementor-element elementor-element-164331b9\" data-id=\"164331b9\" data-element_type=\"column\">\n\t\t\t<div class=\"elementor-widget-wrap elementor-element-populated\">\n\t\t\t\t\t\t<div class=\"elementor-element elementor-element-4e0bcf52 elementor-widget elementor-widget-google_maps\" data-id=\"4e0bcf52\" data-element_type=\"widget\" data-widget_type=\"google_maps.default\">\n\t\t\t\t<div class=\"elementor-widget-container\">\n\t\t\t\t\t\t\t<div class=\"elementor-custom-embed\">\n\t\t\t<iframe loading=\"lazy\"\n\t\t\t\t\tsrc=\"https:\/\/maps.google.com\/maps?q=crete&#038;t=m&#038;z=10&#038;output=embed&#038;iwloc=near\"\n\t\t\t\t\ttitle=\"crete\"\n\t\t\t\t\taria-label=\"crete\"\n\t\t\t><\/iframe>\n\t\t<\/div>\n\t\t\t\t\t\t<\/div>\n\t\t\t\t<\/div>\n\t\t\t\t\t<\/div>\n\t\t<\/div>\n\t\t\t\t\t<\/div>\n\t\t<\/section>\n\t\t\t\t<\/div>\n\t\t","protected":false},"excerpt":{"rendered":"<p>Contactez nous Facebook Twitter Instagram Youtube Yelp Une question, une r\u00e9servation ou un besoin particulier ? Notre \u00e9quipe est \u00e0 votre \u00e9coute pour vous accompagner et rendre votre exp\u00e9rience unique. N\u2019h\u00e9sitez pas \u00e0 nous contacter \u2014 nous serons ravis de vous r\u00e9pondre rapidement et de vous accueillir dans les meilleures conditions.<\/p>\n","protected":false},"author":1,"featured_media":0,"parent":0,"menu_order":0,"comment_status":"closed","ping_status":"closed","template":"","meta":{"footnotes":""},"class_list":["post-36","page","type-page","status-publish","hentry"],"yoast_head":"<!-- This site is optimized with the Yoast SEO plugin v25.3.1 - https:\/\/yoast.com\/wordpress\/plugins\/seo\/ -->\n<title>Contact - SudAfricaHotel<\/title>\n<meta name=\"robots\" content=\"index, follow, max-snippet:-1, max-image-preview:large, max-video-preview:-1\" \/>\n<link rel=\"canonical\" href=\"https:\/\/tihary.bigdevacademy.com\/index.php\/contact\/\" \/>\n<meta property=\"og:locale\" content=\"fr_FR\" \/>\n<meta property=\"og:type\" content=\"article\" \/>\n<meta property=\"og:title\" content=\"Contact - SudAfricaHotel\" \/>\n<meta property=\"og:description\" content=\"Contactez nous Facebook Twitter Instagram Youtube Yelp Une question, une r\u00e9servation ou un besoin particulier ? Notre \u00e9quipe est \u00e0 votre \u00e9coute pour vous accompagner et rendre votre exp\u00e9rience unique. N\u2019h\u00e9sitez pas \u00e0 nous contacter \u2014 nous serons ravis de vous r\u00e9pondre rapidement et de vous accueillir dans les meilleures conditions.\" \/>\n<meta property=\"og:url\" content=\"https:\/\/tihary.bigdevacademy.com\/index.php\/contact\/\" \/>\n<meta property=\"og:site_name\" content=\"SudAfricaHotel\" \/>\n<meta property=\"article:modified_time\" content=\"2025-06-21T11:41:50+00:00\" \/>\n<meta property=\"og:image\" content=\"https:\/\/tihary.bigdevacademy.com\/wp-content\/uploads\/elementor\/thumbs\/86-r7msuuzroyv6mddmiozq2so6jqeibimdggnibuvpm8.jpg\" \/>\n<meta name=\"twitter:card\" content=\"summary_large_image\" \/>\n<script type=\"application\/ld+json\" class=\"yoast-schema-graph\">{\"@context\":\"https:\/\/schema.org\",\"@graph\":[{\"@type\":\"WebPage\",\"@id\":\"https:\/\/tihary.bigdevacademy.com\/index.php\/contact\/\",\"url\":\"https:\/\/tihary.bigdevacademy.com\/index.php\/contact\/\",\"name\":\"Contact - SudAfricaHotel\",\"isPartOf\":{\"@id\":\"https:\/\/tihary.bigdevacademy.com\/#website\"},\"primaryImageOfPage\":{\"@id\":\"https:\/\/tihary.bigdevacademy.com\/index.php\/contact\/#primaryimage\"},\"image\":{\"@id\":\"https:\/\/tihary.bigdevacademy.com\/index.php\/contact\/#primaryimage\"},\"thumbnailUrl\":\"https:\/\/tihary.bigdevacademy.com\/wp-content\/uploads\/elementor\/thumbs\/86-r7msuuzroyv6mddmiozq2so6jqeibimdggnibuvpm8.jpg\",\"datePublished\":\"2025-06-19T08:40:16+00:00\",\"dateModified\":\"2025-06-21T11:41:50+00:00\",\"breadcrumb\":{\"@id\":\"https:\/\/tihary.bigdevacademy.com\/index.php\/contact\/#breadcrumb\"},\"inLanguage\":\"fr-FR\",\"potentialAction\":[{\"@type\":\"ReadAction\",\"target\":[\"https:\/\/tihary.bigdevacademy.com\/index.php\/contact\/\"]}]},{\"@type\":\"ImageObject\",\"inLanguage\":\"fr-FR\",\"@id\":\"https:\/\/tihary.bigdevacademy.com\/index.php\/contact\/#primaryimage\",\"url\":\"https:\/\/tihary.bigdevacademy.com\/wp-content\/uploads\/elementor\/thumbs\/86-r7msuuzroyv6mddmiozq2so6jqeibimdggnibuvpm8.jpg\",\"contentUrl\":\"https:\/\/tihary.bigdevacademy.com\/wp-content\/uploads\/elementor\/thumbs\/86-r7msuuzroyv6mddmiozq2so6jqeibimdggnibuvpm8.jpg\"},{\"@type\":\"BreadcrumbList\",\"@id\":\"https:\/\/tihary.bigdevacademy.com\/index.php\/contact\/#breadcrumb\",\"itemListElement\":[{\"@type\":\"ListItem\",\"position\":1,\"name\":\"Accueil\",\"item\":\"https:\/\/tihary.bigdevacademy.com\/\"},{\"@type\":\"ListItem\",\"position\":2,\"name\":\"Contact\"}]},{\"@type\":\"WebSite\",\"@id\":\"https:\/\/tihary.bigdevacademy.com\/#website\",\"url\":\"https:\/\/tihary.bigdevacademy.com\/\",\"name\":\"SudAfricaHotel\",\"description\":\"\",\"publisher\":{\"@id\":\"https:\/\/tihary.bigdevacademy.com\/#organization\"},\"potentialAction\":[{\"@type\":\"SearchAction\",\"target\":{\"@type\":\"EntryPoint\",\"urlTemplate\":\"https:\/\/tihary.bigdevacademy.com\/?s={search_term_string}\"},\"query-input\":{\"@type\":\"PropertyValueSpecification\",\"valueRequired\":true,\"valueName\":\"search_term_string\"}}],\"inLanguage\":\"fr-FR\"},{\"@type\":\"Organization\",\"@id\":\"https:\/\/tihary.bigdevacademy.com\/#organization\",\"name\":\"SudAfricaHotel\",\"url\":\"https:\/\/tihary.bigdevacademy.com\/\",\"logo\":{\"@type\":\"ImageObject\",\"inLanguage\":\"fr-FR\",\"@id\":\"https:\/\/tihary.bigdevacademy.com\/#\/schema\/logo\/image\/\",\"url\":\"https:\/\/tihary.bigdevacademy.com\/wp-content\/uploads\/2025\/06\/Black_and_Gold_Vintage_Luxury_Hotel_Logo-removebg-preview-e1750323504943.png\",\"contentUrl\":\"https:\/\/tihary.bigdevacademy.com\/wp-content\/uploads\/2025\/06\/Black_and_Gold_Vintage_Luxury_Hotel_Logo-removebg-preview-e1750323504943.png\",\"width\":337,\"height\":335,\"caption\":\"SudAfricaHotel\"},\"image\":{\"@id\":\"https:\/\/tihary.bigdevacademy.com\/#\/schema\/logo\/image\/\"}}]}<\/script>\n<!-- \/ Yoast SEO plugin. -->","yoast_head_json":{"title":"Contact - SudAfricaHotel","robots":{"index":"index","follow":"follow","max-snippet":"max-snippet:-1","max-image-preview":"max-image-preview:large","max-video-preview":"max-video-preview:-1"},"canonical":"https:\/\/tihary.bigdevacademy.com\/index.php\/contact\/","og_locale":"fr_FR","og_type":"article","og_title":"Contact - SudAfricaHotel","og_description":"Contactez nous Facebook Twitter Instagram Youtube Yelp Une question, une r\u00e9servation ou un besoin particulier ? Notre \u00e9quipe est \u00e0 votre \u00e9coute pour vous accompagner et rendre votre exp\u00e9rience unique. N\u2019h\u00e9sitez pas \u00e0 nous contacter \u2014 nous serons ravis de vous r\u00e9pondre rapidement et de vous accueillir dans les meilleures conditions.","og_url":"https:\/\/tihary.bigdevacademy.com\/index.php\/contact\/","og_site_name":"SudAfricaHotel","article_modified_time":"2025-06-21T11:41:50+00:00","og_image":[{"url":"https:\/\/tihary.bigdevacademy.com\/wp-content\/uploads\/elementor\/thumbs\/86-r7msuuzroyv6mddmiozq2so6jqeibimdggnibuvpm8.jpg","type":"","width":"","height":""}],"twitter_card":"summary_large_image","schema":{"@context":"https:\/\/schema.org","@graph":[{"@type":"WebPage","@id":"https:\/\/tihary.bigdevacademy.com\/index.php\/contact\/","url":"https:\/\/tihary.bigdevacademy.com\/index.php\/contact\/","name":"Contact - SudAfricaHotel","isPartOf":{"@id":"https:\/\/tihary.bigdevacademy.com\/#website"},"primaryImageOfPage":{"@id":"https:\/\/tihary.bigdevacademy.com\/index.php\/contact\/#primaryimage"},"image":{"@id":"https:\/\/tihary.bigdevacademy.com\/index.php\/contact\/#primaryimage"},"thumbnailUrl":"https:\/\/tihary.bigdevacademy.com\/wp-content\/uploads\/elementor\/thumbs\/86-r7msuuzroyv6mddmiozq2so6jqeibimdggnibuvpm8.jpg","datePublished":"2025-06-19T08:40:16+00:00","dateModified":"2025-06-21T11:41:50+00:00","breadcrumb":{"@id":"https:\/\/tihary.bigdevacademy.com\/index.php\/contact\/#breadcrumb"},"inLanguage":"fr-FR","potentialAction":[{"@type":"ReadAction","target":["https:\/\/tihary.bigdevacademy.com\/index.php\/contact\/"]}]},{"@type":"ImageObject","inLanguage":"fr-FR","@id":"https:\/\/tihary.bigdevacademy.com\/index.php\/contact\/#primaryimage","url":"https:\/\/tihary.bigdevacademy.com\/wp-content\/uploads\/elementor\/thumbs\/86-r7msuuzroyv6mddmiozq2so6jqeibimdggnibuvpm8.jpg","contentUrl":"https:\/\/tihary.bigdevacademy.com\/wp-content\/uploads\/elementor\/thumbs\/86-r7msuuzroyv6mddmiozq2so6jqeibimdggnibuvpm8.jpg"},{"@type":"BreadcrumbList","@id":"https:\/\/tihary.bigdevacademy.com\/index.php\/contact\/#breadcrumb","itemListElement":[{"@type":"ListItem","position":1,"name":"Accueil","item":"https:\/\/tihary.bigdevacademy.com\/"},{"@type":"ListItem","position":2,"name":"Contact"}]},{"@type":"WebSite","@id":"https:\/\/tihary.bigdevacademy.com\/#website","url":"https:\/\/tihary.bigdevacademy.com\/","name":"SudAfricaHotel","description":"","publisher":{"@id":"https:\/\/tihary.bigdevacademy.com\/#organization"},"potentialAction":[{"@type":"SearchAction","target":{"@type":"EntryPoint","urlTemplate":"https:\/\/tihary.bigdevacademy.com\/?s={search_term_string}"},"query-input":{"@type":"PropertyValueSpecification","valueRequired":true,"valueName":"search_term_string"}}],"inLanguage":"fr-FR"},{"@type":"Organization","@id":"https:\/\/tihary.bigdevacademy.com\/#organization","name":"SudAfricaHotel","url":"https:\/\/tihary.bigdevacademy.com\/","logo":{"@type":"ImageObject","inLanguage":"fr-FR","@id":"https:\/\/tihary.bigdevacademy.com\/#\/schema\/logo\/image\/","url":"https:\/\/tihary.bigdevacademy.com\/wp-content\/uploads\/2025\/06\/Black_and_Gold_Vintage_Luxury_Hotel_Logo-removebg-preview-e1750323504943.png","contentUrl":"https:\/\/tihary.bigdevacademy.com\/wp-content\/uploads\/2025\/06\/Black_and_Gold_Vintage_Luxury_Hotel_Logo-removebg-preview-e1750323504943.png","width":337,"height":335,"caption":"SudAfricaHotel"},"image":{"@id":"https:\/\/tihary.bigdevacademy.com\/#\/schema\/logo\/image\/"}}]}},"_links":{"self":[{"href":"https:\/\/tihary.bigdevacademy.com\/index.php\/wp-json\/wp\/v2\/pages\/36","targetHints":{"allow":["GET"]}}],"collection":[{"href":"https:\/\/tihary.bigdevacademy.com\/index.php\/wp-json\/wp\/v2\/pages"}],"about":[{"href":"https:\/\/tihary.bigdevacademy.com\/index.php\/wp-json\/wp\/v2\/types\/page"}],"author":[{"embeddable":true,"href":"https:\/\/tihary.bigdevacademy.com\/index.php\/wp-json\/wp\/v2\/users\/1"}],"replies":[{"embeddable":true,"href":"https:\/\/tihary.bigdevacademy.com\/index.php\/wp-json\/wp\/v2\/comments?post=36"}],"version-history":[{"count":13,"href":"https:\/\/tihary.bigdevacademy.com\/index.php\/wp-json\/wp\/v2\/pages\/36\/revisions"}],"predecessor-version":[{"id":630,"href":"https:\/\/tihary.bigdevacademy.com\/index.php\/wp-json\/wp\/v2\/pages\/36\/revisions\/630"}],"wp:attachment":[{"href":"https:\/\/tihary.bigdevacademy.com\/index.php\/wp-json\/wp\/v2\/media?parent=36"}],"curies":[{"name":"wp","href":"https:\/\/api.w.org\/{rel}","templated":true}]}}