{"id":38,"date":"2025-06-19T10:40:26","date_gmt":"2025-06-19T08:40:26","guid":{"rendered":"https:\/\/tihary.bigdevacademy.com\/?page_id=38"},"modified":"2025-06-21T14:26:42","modified_gmt":"2025-06-21T12:26:42","slug":"faqs","status":"publish","type":"page","link":"https:\/\/tihary.bigdevacademy.com\/index.php\/faqs\/","title":{"rendered":"FAQs"},"content":{"rendered":"\t\t<div data-elementor-type=\"wp-page\" data-elementor-id=\"38\" class=\"elementor elementor-38\" data-elementor-post-type=\"page\">\n\t\t\t\t\t\t<header class=\"elementor-section elementor-top-section elementor-element elementor-element-278983a4 elementor-section-height-min-height elementor-section-boxed elementor-section-height-default elementor-section-items-middle\" data-id=\"278983a4\" data-element_type=\"section\" data-settings=\"{&quot;background_background&quot;:&quot;classic&quot;}\">\n\t\t\t\t\t\t<div class=\"elementor-container elementor-column-gap-default\">\n\t\t\t\t\t<div class=\"elementor-column elementor-col-100 elementor-top-column elementor-element elementor-element-22d1dade\" data-id=\"22d1dade\" data-element_type=\"column\">\n\t\t\t<div class=\"elementor-widget-wrap elementor-element-populated\">\n\t\t\t\t\t\t<div class=\"elementor-element elementor-element-c9e013c elementor-invisible elementor-widget elementor-widget-heading\" data-id=\"c9e013c\" data-element_type=\"widget\" data-settings=\"{&quot;_animation&quot;:&quot;fadeInDown&quot;,&quot;_animation_delay&quot;:700}\" data-widget_type=\"heading.default\">\n\t\t\t\t<div class=\"elementor-widget-container\">\n\t\t\t\t\t<h5 class=\"elementor-heading-title elementor-size-default\">Foire aux questions<\/h5>\t\t\t\t<\/div>\n\t\t\t\t<\/div>\n\t\t\t\t<div class=\"elementor-element elementor-element-4affb3d8 elementor-invisible elementor-widget elementor-widget-heading\" data-id=\"4affb3d8\" data-element_type=\"widget\" data-settings=\"{&quot;_animation&quot;:&quot;fadeInDown&quot;,&quot;_animation_delay&quot;:500}\" data-widget_type=\"heading.default\">\n\t\t\t\t<div class=\"elementor-widget-container\">\n\t\t\t\t\t<h2 class=\"elementor-heading-title elementor-size-default\">Details<\/h2>\t\t\t\t<\/div>\n\t\t\t\t<\/div>\n\t\t\t\t<div class=\"elementor-element elementor-element-71c100ad elementor-invisible elementor-widget elementor-widget-text-editor\" data-id=\"71c100ad\" data-element_type=\"widget\" data-settings=\"{&quot;_animation&quot;:&quot;fadeInDown&quot;,&quot;_animation_delay&quot;:300}\" data-widget_type=\"text-editor.default\">\n\t\t\t\t<div class=\"elementor-widget-container\">\n\t\t\t\t\t\t\t\t\t<p style=\"text-align: center;\">Nous serions ravi de r\u00e9pondre \u00e0 tous vos questions<\/p>\t\t\t\t\t\t\t\t<\/div>\n\t\t\t\t<\/div>\n\t\t\t\t\t<\/div>\n\t\t<\/div>\n\t\t\t\t\t<\/div>\n\t\t<\/header>\n\t\t\t\t<section class=\"elementor-section elementor-top-section elementor-element elementor-element-1726e6cf elementor-section-boxed elementor-section-height-default elementor-section-height-default\" data-id=\"1726e6cf\" data-element_type=\"section\" data-settings=\"{&quot;background_background&quot;:&quot;classic&quot;}\">\n\t\t\t\t\t\t<div class=\"elementor-container elementor-column-gap-default\">\n\t\t\t\t\t<div class=\"elementor-column elementor-col-50 elementor-top-column elementor-element elementor-element-1eda4dda\" data-id=\"1eda4dda\" data-element_type=\"column\">\n\t\t\t<div class=\"elementor-widget-wrap elementor-element-populated\">\n\t\t\t\t\t\t<section class=\"elementor-section elementor-inner-section elementor-element elementor-element-4da0bdf3 elementor-section-boxed elementor-section-height-default elementor-section-height-default\" data-id=\"4da0bdf3\" data-element_type=\"section\">\n\t\t\t\t\t\t<div class=\"elementor-container elementor-column-gap-default\">\n\t\t\t\t\t<div class=\"elementor-column elementor-col-100 elementor-inner-column elementor-element elementor-element-1f6af720 elementor-invisible\" data-id=\"1f6af720\" data-element_type=\"column\" data-settings=\"{&quot;animation&quot;:&quot;fadeInUp&quot;,&quot;animation_delay&quot;:1000}\">\n\t\t\t<div class=\"elementor-widget-wrap elementor-element-populated\">\n\t\t\t\t\t\t<div class=\"elementor-element elementor-element-7d4d4a6d elementor-widget elementor-widget-text-editor\" data-id=\"7d4d4a6d\" data-element_type=\"widget\" data-widget_type=\"text-editor.default\">\n\t\t\t\t<div class=\"elementor-widget-container\">\n\t\t\t\t\t\t\t\t\t<p><span style=\"color: #e9a6a6;\">01.<\/span> Quels sont les horaires d\u2019arriv\u00e9e et de d\u00e9part ?<\/p>\t\t\t\t\t\t\t\t<\/div>\n\t\t\t\t<\/div>\n\t\t\t\t<div class=\"elementor-element elementor-element-7a70ceef elementor-widget elementor-widget-text-editor\" data-id=\"7a70ceef\" data-element_type=\"widget\" data-widget_type=\"text-editor.default\">\n\t\t\t\t<div class=\"elementor-widget-container\">\n\t\t\t\t\t\t\t\t\t<p data-start=\"197\" data-end=\"515\">L\u2019enregistrement (check-in) est possible \u00e0 partir de <strong data-start=\"250\" data-end=\"259\">14h00<\/strong>, et le d\u00e9part (check-out) doit \u00eatre effectu\u00e9 avant <strong data-start=\"311\" data-end=\"320\">11h00<\/strong>. Si vous avez besoin d\u2019un d\u00e9part tardif ou d\u2019une arriv\u00e9e anticip\u00e9e, veuillez nous le faire savoir \u00e0 l\u2019avance \u2014 nous ferons de notre mieux pour r\u00e9pondre \u00e0 votre demande, selon les disponibilit\u00e9s.<\/p>\t\t\t\t\t\t\t\t<\/div>\n\t\t\t\t<\/div>\n\t\t\t\t\t<\/div>\n\t\t<\/div>\n\t\t\t\t\t<\/div>\n\t\t<\/section>\n\t\t\t\t<section class=\"elementor-section elementor-inner-section elementor-element elementor-element-17dce57b elementor-section-boxed elementor-section-height-default elementor-section-height-default\" data-id=\"17dce57b\" data-element_type=\"section\">\n\t\t\t\t\t\t<div class=\"elementor-container elementor-column-gap-default\">\n\t\t\t\t\t<div class=\"elementor-column elementor-col-100 elementor-inner-column elementor-element elementor-element-178d2312 elementor-invisible\" data-id=\"178d2312\" data-element_type=\"column\" data-settings=\"{&quot;animation&quot;:&quot;fadeInUp&quot;,&quot;animation_delay&quot;:1000}\">\n\t\t\t<div class=\"elementor-widget-wrap elementor-element-populated\">\n\t\t\t\t\t\t<div class=\"elementor-element elementor-element-7c7ecd80 elementor-widget elementor-widget-text-editor\" data-id=\"7c7ecd80\" data-element_type=\"widget\" data-widget_type=\"text-editor.default\">\n\t\t\t\t<div class=\"elementor-widget-container\">\n\t\t\t\t\t\t\t\t\t<p><span style=\"color: #e9a6a6;\">03. <\/span>Proposez-vous un service de transport depuis\/vers l\u2019a\u00e9roport ?u Accept SpaFinder, SpaWeek or SpaWish Cards?<\/p>\t\t\t\t\t\t\t\t<\/div>\n\t\t\t\t<\/div>\n\t\t\t\t<div class=\"elementor-element elementor-element-192934d3 elementor-widget elementor-widget-text-editor\" data-id=\"192934d3\" data-element_type=\"widget\" data-widget_type=\"text-editor.default\">\n\t\t\t\t<div class=\"elementor-widget-container\">\n\t\t\t\t\t\t\t\t\t<p>Oui, nous proposons un <strong data-start=\"1027\" data-end=\"1058\">service de navette a\u00e9roport<\/strong> sur demande. Il vous suffit de nous communiquer vos informations de vol \u00e0 l\u2019avance pour organiser votre prise en charge. Ce service peut \u00eatre gratuit ou factur\u00e9 selon l\u2019offre choisie \u2014 notre \u00e9quipe reste \u00e0 votre disposition pour vous informer des conditions.<\/p>\t\t\t\t\t\t\t\t<\/div>\n\t\t\t\t<\/div>\n\t\t\t\t\t<\/div>\n\t\t<\/div>\n\t\t\t\t\t<\/div>\n\t\t<\/section>\n\t\t\t\t<section class=\"elementor-section elementor-inner-section elementor-element elementor-element-386d96c elementor-section-boxed elementor-section-height-default elementor-section-height-default\" data-id=\"386d96c\" data-element_type=\"section\">\n\t\t\t\t\t\t<div class=\"elementor-container elementor-column-gap-default\">\n\t\t\t\t\t<div class=\"elementor-column elementor-col-100 elementor-inner-column elementor-element elementor-element-15e1b5e elementor-invisible\" data-id=\"15e1b5e\" data-element_type=\"column\" data-settings=\"{&quot;animation&quot;:&quot;fadeInUp&quot;,&quot;animation_delay&quot;:1000}\">\n\t\t\t<div class=\"elementor-widget-wrap elementor-element-populated\">\n\t\t\t\t\t\t<div class=\"elementor-element elementor-element-4cb8247 elementor-widget elementor-widget-text-editor\" data-id=\"4cb8247\" data-element_type=\"widget\" data-widget_type=\"text-editor.default\">\n\t\t\t\t<div class=\"elementor-widget-container\">\n\t\t\t\t\t\t\t\t\t<p><span style=\"color: #e9a6a6;\">05. <\/span>Puis-je modifier ou annuler ma r\u00e9servation ?<\/p>\t\t\t\t\t\t\t\t<\/div>\n\t\t\t\t<\/div>\n\t\t\t\t<div class=\"elementor-element elementor-element-e4879d7 elementor-widget elementor-widget-text-editor\" data-id=\"e4879d7\" data-element_type=\"widget\" data-widget_type=\"text-editor.default\">\n\t\t\t\t<div class=\"elementor-widget-container\">\n\t\t\t\t\t\t\t\t\t<p data-start=\"122\" data-end=\"478\">Oui, vous pouvez <strong data-start=\"139\" data-end=\"180\">modifier ou annuler votre r\u00e9servation<\/strong> selon les conditions de votre formule choisie. Certaines offres permettent une annulation gratuite jusqu\u2019\u00e0 48 heures avant l\u2019arriv\u00e9e, tandis que d\u2019autres sont non remboursables. Nous vous invitons \u00e0 consulter les conditions lors de la r\u00e9servation ou \u00e0 contacter notre \u00e9quipe pour toute assistance.<\/p>\t\t\t\t\t\t\t\t<\/div>\n\t\t\t\t<\/div>\n\t\t\t\t\t<\/div>\n\t\t<\/div>\n\t\t\t\t\t<\/div>\n\t\t<\/section>\n\t\t\t\t\t<\/div>\n\t\t<\/div>\n\t\t\t\t<div class=\"elementor-column elementor-col-50 elementor-top-column elementor-element elementor-element-4c844554\" data-id=\"4c844554\" data-element_type=\"column\">\n\t\t\t<div class=\"elementor-widget-wrap elementor-element-populated\">\n\t\t\t\t\t\t<section class=\"elementor-section elementor-inner-section elementor-element elementor-element-4fec242 elementor-section-boxed elementor-section-height-default elementor-section-height-default\" data-id=\"4fec242\" data-element_type=\"section\">\n\t\t\t\t\t\t<div class=\"elementor-container elementor-column-gap-default\">\n\t\t\t\t\t<div class=\"elementor-column elementor-col-100 elementor-inner-column elementor-element elementor-element-44de24e4 elementor-invisible\" data-id=\"44de24e4\" data-element_type=\"column\" data-settings=\"{&quot;animation&quot;:&quot;fadeInUp&quot;,&quot;animation_delay&quot;:1000}\">\n\t\t\t<div class=\"elementor-widget-wrap elementor-element-populated\">\n\t\t\t\t\t\t<div class=\"elementor-element elementor-element-316b1537 elementor-widget elementor-widget-text-editor\" data-id=\"316b1537\" data-element_type=\"widget\" data-widget_type=\"text-editor.default\">\n\t\t\t\t<div class=\"elementor-widget-container\">\n\t\t\t\t\t\t\t\t\t<p><span style=\"color: #e9a6a6;\">02. <\/span> Le petit-d\u00e9jeuner est-il inclus dans le tarif ?<\/p>\t\t\t\t\t\t\t\t<\/div>\n\t\t\t\t<\/div>\n\t\t\t\t<div class=\"elementor-element elementor-element-76a671be elementor-widget elementor-widget-text-editor\" data-id=\"76a671be\" data-element_type=\"widget\" data-widget_type=\"text-editor.default\">\n\t\t\t\t<div class=\"elementor-widget-container\">\n\t\t\t\t\t\t\t\t\t<p>Oui, <strong data-start=\"588\" data-end=\"617\">un petit-d\u00e9jeuner complet<\/strong> est inclus dans la plupart de nos offres. Il est servi chaque matin dans notre salle de restauration ou en terrasse, sous forme de buffet vari\u00e9, avec des options sucr\u00e9es, sal\u00e9es et locales. Certaines formules ne l\u2019incluent pas automatiquement \u2014 veuillez v\u00e9rifier les d\u00e9tails au moment de la r\u00e9servation.<\/p>\t\t\t\t\t\t\t\t<\/div>\n\t\t\t\t<\/div>\n\t\t\t\t\t<\/div>\n\t\t<\/div>\n\t\t\t\t\t<\/div>\n\t\t<\/section>\n\t\t\t\t<section class=\"elementor-section elementor-inner-section elementor-element elementor-element-7e7aa8a8 elementor-section-boxed elementor-section-height-default elementor-section-height-default\" data-id=\"7e7aa8a8\" data-element_type=\"section\">\n\t\t\t\t\t\t<div class=\"elementor-container elementor-column-gap-default\">\n\t\t\t\t\t<div class=\"elementor-column elementor-col-100 elementor-inner-column elementor-element elementor-element-11bd10e9 elementor-invisible\" data-id=\"11bd10e9\" data-element_type=\"column\" data-settings=\"{&quot;animation&quot;:&quot;fadeInUp&quot;,&quot;animation_delay&quot;:1000}\">\n\t\t\t<div class=\"elementor-widget-wrap elementor-element-populated\">\n\t\t\t\t\t\t<div class=\"elementor-element elementor-element-6b166988 elementor-widget elementor-widget-text-editor\" data-id=\"6b166988\" data-element_type=\"widget\" data-widget_type=\"text-editor.default\">\n\t\t\t\t<div class=\"elementor-widget-container\">\n\t\t\t\t\t\t\t\t\t<p><span style=\"color: #e9a6a6;\">04. <\/span>Quelles sont les options de paiement accept\u00e9es ?<\/p>\t\t\t\t\t\t\t\t<\/div>\n\t\t\t\t<\/div>\n\t\t\t\t<div class=\"elementor-element elementor-element-33c51f08 elementor-widget elementor-widget-text-editor\" data-id=\"33c51f08\" data-element_type=\"widget\" data-widget_type=\"text-editor.default\">\n\t\t\t\t<div class=\"elementor-widget-container\">\n\t\t\t\t\t\t\t\t\t<p data-start=\"146\" data-end=\"482\">Nous acceptons plusieurs moyens de paiement pour vous offrir plus de flexibilit\u00e9 : <strong data-start=\"229\" data-end=\"240\">esp\u00e8ces<\/strong>, <strong data-start=\"242\" data-end=\"281\">cartes bancaires (Visa, MasterCard)<\/strong>, et certains <strong data-start=\"295\" data-end=\"316\">paiements mobiles<\/strong>. Les paiements en ligne peuvent \u00e9galement \u00eatre effectu\u00e9s via notre plateforme s\u00e9curis\u00e9e. Pour toute demande sp\u00e9cifique, notre \u00e9quipe de r\u00e9ception est \u00e0 votre \u00e9coute.<\/p>\t\t\t\t\t\t\t\t<\/div>\n\t\t\t\t<\/div>\n\t\t\t\t\t<\/div>\n\t\t<\/div>\n\t\t\t\t\t<\/div>\n\t\t<\/section>\n\t\t\t\t<section class=\"elementor-section elementor-inner-section elementor-element elementor-element-1db1f8b6 elementor-section-boxed elementor-section-height-default elementor-section-height-default\" data-id=\"1db1f8b6\" data-element_type=\"section\">\n\t\t\t\t\t\t<div class=\"elementor-container elementor-column-gap-default\">\n\t\t\t\t\t<div class=\"elementor-column elementor-col-100 elementor-inner-column elementor-element elementor-element-5b18b2bf elementor-invisible\" data-id=\"5b18b2bf\" data-element_type=\"column\" data-settings=\"{&quot;animation&quot;:&quot;fadeInUp&quot;,&quot;animation_delay&quot;:1000}\">\n\t\t\t<div class=\"elementor-widget-wrap elementor-element-populated\">\n\t\t\t\t\t\t<div class=\"elementor-element elementor-element-6f08d435 elementor-widget elementor-widget-text-editor\" data-id=\"6f08d435\" data-element_type=\"widget\" data-widget_type=\"text-editor.default\">\n\t\t\t\t<div class=\"elementor-widget-container\">\n\t\t\t\t\t\t\t\t\t<p><span style=\"color: #e9a6a6;\">06. <\/span>Les animaux de compagnie sont-ils accept\u00e9s ?<\/p>\t\t\t\t\t\t\t\t<\/div>\n\t\t\t\t<\/div>\n\t\t\t\t<div class=\"elementor-element elementor-element-472ca559 elementor-widget elementor-widget-text-editor\" data-id=\"472ca559\" data-element_type=\"widget\" data-widget_type=\"text-editor.default\">\n\t\t\t\t<div class=\"elementor-widget-container\">\n\t\t\t\t\t\t\t\t\t<p>Nous acceptons <strong data-start=\"741\" data-end=\"776\">les petits animaux de compagnie<\/strong> sur demande pr\u00e9alable. Des frais suppl\u00e9mentaires peuvent s\u2019appliquer pour garantir le confort et la propret\u00e9 des lieux. N\u2019h\u00e9sitez pas \u00e0 nous contacter avant votre arriv\u00e9e pour organiser au mieux votre s\u00e9jour avec votre compagnon.<\/p>\t\t\t\t\t\t\t\t<\/div>\n\t\t\t\t<\/div>\n\t\t\t\t\t<\/div>\n\t\t<\/div>\n\t\t\t\t\t<\/div>\n\t\t<\/section>\n\t\t\t\t\t<\/div>\n\t\t<\/div>\n\t\t\t\t\t<\/div>\n\t\t<\/section>\n\t\t\t\t<section class=\"elementor-section elementor-top-section elementor-element elementor-element-6b4c163d elementor-section-height-min-height elementor-section-boxed elementor-section-height-default elementor-section-items-middle\" data-id=\"6b4c163d\" data-element_type=\"section\" data-settings=\"{&quot;background_background&quot;:&quot;classic&quot;}\">\n\t\t\t\t\t\t<div class=\"elementor-container elementor-column-gap-default\">\n\t\t\t\t\t<div class=\"elementor-column elementor-col-100 elementor-top-column elementor-element elementor-element-53bec632\" data-id=\"53bec632\" data-element_type=\"column\">\n\t\t\t<div class=\"elementor-widget-wrap elementor-element-populated\">\n\t\t\t\t\t\t<div class=\"elementor-element elementor-element-ac76262 elementor-invisible elementor-widget elementor-widget-heading\" data-id=\"ac76262\" data-element_type=\"widget\" data-settings=\"{&quot;_animation&quot;:&quot;fadeInDown&quot;}\" data-widget_type=\"heading.default\">\n\t\t\t\t<div class=\"elementor-widget-container\">\n\t\t\t\t\t<h5 class=\"elementor-heading-title elementor-size-default\">NOUS CONTACTER ?<\/h5>\t\t\t\t<\/div>\n\t\t\t\t<\/div>\n\t\t\t\t<div class=\"elementor-element elementor-element-4484168 elementor-align-center elementor-widget elementor-widget-button\" data-id=\"4484168\" data-element_type=\"widget\" data-widget_type=\"button.default\">\n\t\t\t\t<div class=\"elementor-widget-container\">\n\t\t\t\t\t\t\t\t\t<div class=\"elementor-button-wrapper\">\n\t\t\t\t\t<a class=\"elementor-button elementor-button-link elementor-size-sm elementor-animation-float\" href=\"https:\/\/tihary.bigdevacademy.com\/index.php\/contact\/\" target=\"_blank\">\n\t\t\t\t\t\t<span class=\"elementor-button-content-wrapper\">\n\t\t\t\t\t\t\t\t\t<span class=\"elementor-button-text\">Contacter<\/span>\n\t\t\t\t\t<\/span>\n\t\t\t\t\t<\/a>\n\t\t\t\t<\/div>\n\t\t\t\t\t\t\t\t<\/div>\n\t\t\t\t<\/div>\n\t\t\t\t\t<\/div>\n\t\t<\/div>\n\t\t\t\t\t<\/div>\n\t\t<\/section>\n\t\t\t\t<\/div>\n\t\t","protected":false},"excerpt":{"rendered":"<p>Foire aux questions Details Nous serions ravi de r\u00e9pondre \u00e0 tous vos questions 01. Quels sont les horaires d\u2019arriv\u00e9e et de d\u00e9part ? L\u2019enregistrement (check-in) est possible \u00e0 partir de 14h00, et le d\u00e9part (check-out) doit \u00eatre effectu\u00e9 avant 11h00. Si vous avez besoin d\u2019un d\u00e9part tardif ou d\u2019une arriv\u00e9e anticip\u00e9e, veuillez nous le faire [&hellip;]<\/p>\n","protected":false},"author":1,"featured_media":0,"parent":0,"menu_order":0,"comment_status":"closed","ping_status":"closed","template":"","meta":{"footnotes":""},"class_list":["post-38","page","type-page","status-publish","hentry"],"yoast_head":"<!-- This site is optimized with the Yoast SEO plugin v25.3.1 - https:\/\/yoast.com\/wordpress\/plugins\/seo\/ -->\n<title>FAQs - SudAfricaHotel<\/title>\n<meta name=\"robots\" content=\"index, follow, max-snippet:-1, max-image-preview:large, max-video-preview:-1\" \/>\n<link rel=\"canonical\" href=\"https:\/\/tihary.bigdevacademy.com\/index.php\/faqs\/\" \/>\n<meta property=\"og:locale\" content=\"fr_FR\" \/>\n<meta property=\"og:type\" content=\"article\" \/>\n<meta property=\"og:title\" content=\"FAQs - SudAfricaHotel\" \/>\n<meta property=\"og:description\" content=\"Foire aux questions Details Nous serions ravi de r\u00e9pondre \u00e0 tous vos questions 01. Quels sont les horaires d\u2019arriv\u00e9e et de d\u00e9part ? L\u2019enregistrement (check-in) est possible \u00e0 partir de 14h00, et le d\u00e9part (check-out) doit \u00eatre effectu\u00e9 avant 11h00. Si vous avez besoin d\u2019un d\u00e9part tardif ou d\u2019une arriv\u00e9e anticip\u00e9e, veuillez nous le faire [&hellip;]\" \/>\n<meta property=\"og:url\" content=\"https:\/\/tihary.bigdevacademy.com\/index.php\/faqs\/\" \/>\n<meta property=\"og:site_name\" content=\"SudAfricaHotel\" \/>\n<meta property=\"article:modified_time\" content=\"2025-06-21T12:26:42+00:00\" \/>\n<meta name=\"twitter:card\" content=\"summary_large_image\" \/>\n<meta name=\"twitter:label1\" content=\"Dur\u00e9e de lecture estim\u00e9e\" \/>\n\t<meta name=\"twitter:data1\" content=\"2 minutes\" \/>\n<script type=\"application\/ld+json\" class=\"yoast-schema-graph\">{\"@context\":\"https:\/\/schema.org\",\"@graph\":[{\"@type\":\"WebPage\",\"@id\":\"https:\/\/tihary.bigdevacademy.com\/index.php\/faqs\/\",\"url\":\"https:\/\/tihary.bigdevacademy.com\/index.php\/faqs\/\",\"name\":\"FAQs - SudAfricaHotel\",\"isPartOf\":{\"@id\":\"https:\/\/tihary.bigdevacademy.com\/#website\"},\"datePublished\":\"2025-06-19T08:40:26+00:00\",\"dateModified\":\"2025-06-21T12:26:42+00:00\",\"breadcrumb\":{\"@id\":\"https:\/\/tihary.bigdevacademy.com\/index.php\/faqs\/#breadcrumb\"},\"inLanguage\":\"fr-FR\",\"potentialAction\":[{\"@type\":\"ReadAction\",\"target\":[\"https:\/\/tihary.bigdevacademy.com\/index.php\/faqs\/\"]}]},{\"@type\":\"BreadcrumbList\",\"@id\":\"https:\/\/tihary.bigdevacademy.com\/index.php\/faqs\/#breadcrumb\",\"itemListElement\":[{\"@type\":\"ListItem\",\"position\":1,\"name\":\"Accueil\",\"item\":\"https:\/\/tihary.bigdevacademy.com\/\"},{\"@type\":\"ListItem\",\"position\":2,\"name\":\"FAQs\"}]},{\"@type\":\"WebSite\",\"@id\":\"https:\/\/tihary.bigdevacademy.com\/#website\",\"url\":\"https:\/\/tihary.bigdevacademy.com\/\",\"name\":\"SudAfricaHotel\",\"description\":\"\",\"publisher\":{\"@id\":\"https:\/\/tihary.bigdevacademy.com\/#organization\"},\"potentialAction\":[{\"@type\":\"SearchAction\",\"target\":{\"@type\":\"EntryPoint\",\"urlTemplate\":\"https:\/\/tihary.bigdevacademy.com\/?s={search_term_string}\"},\"query-input\":{\"@type\":\"PropertyValueSpecification\",\"valueRequired\":true,\"valueName\":\"search_term_string\"}}],\"inLanguage\":\"fr-FR\"},{\"@type\":\"Organization\",\"@id\":\"https:\/\/tihary.bigdevacademy.com\/#organization\",\"name\":\"SudAfricaHotel\",\"url\":\"https:\/\/tihary.bigdevacademy.com\/\",\"logo\":{\"@type\":\"ImageObject\",\"inLanguage\":\"fr-FR\",\"@id\":\"https:\/\/tihary.bigdevacademy.com\/#\/schema\/logo\/image\/\",\"url\":\"https:\/\/tihary.bigdevacademy.com\/wp-content\/uploads\/2025\/06\/Black_and_Gold_Vintage_Luxury_Hotel_Logo-removebg-preview-e1750323504943.png\",\"contentUrl\":\"https:\/\/tihary.bigdevacademy.com\/wp-content\/uploads\/2025\/06\/Black_and_Gold_Vintage_Luxury_Hotel_Logo-removebg-preview-e1750323504943.png\",\"width\":337,\"height\":335,\"caption\":\"SudAfricaHotel\"},\"image\":{\"@id\":\"https:\/\/tihary.bigdevacademy.com\/#\/schema\/logo\/image\/\"}}]}<\/script>\n<!-- \/ Yoast SEO plugin. -->","yoast_head_json":{"title":"FAQs - SudAfricaHotel","robots":{"index":"index","follow":"follow","max-snippet":"max-snippet:-1","max-image-preview":"max-image-preview:large","max-video-preview":"max-video-preview:-1"},"canonical":"https:\/\/tihary.bigdevacademy.com\/index.php\/faqs\/","og_locale":"fr_FR","og_type":"article","og_title":"FAQs - SudAfricaHotel","og_description":"Foire aux questions Details Nous serions ravi de r\u00e9pondre \u00e0 tous vos questions 01. Quels sont les horaires d\u2019arriv\u00e9e et de d\u00e9part ? L\u2019enregistrement (check-in) est possible \u00e0 partir de 14h00, et le d\u00e9part (check-out) doit \u00eatre effectu\u00e9 avant 11h00. Si vous avez besoin d\u2019un d\u00e9part tardif ou d\u2019une arriv\u00e9e anticip\u00e9e, veuillez nous le faire [&hellip;]","og_url":"https:\/\/tihary.bigdevacademy.com\/index.php\/faqs\/","og_site_name":"SudAfricaHotel","article_modified_time":"2025-06-21T12:26:42+00:00","twitter_card":"summary_large_image","twitter_misc":{"Dur\u00e9e de lecture estim\u00e9e":"2 minutes"},"schema":{"@context":"https:\/\/schema.org","@graph":[{"@type":"WebPage","@id":"https:\/\/tihary.bigdevacademy.com\/index.php\/faqs\/","url":"https:\/\/tihary.bigdevacademy.com\/index.php\/faqs\/","name":"FAQs - SudAfricaHotel","isPartOf":{"@id":"https:\/\/tihary.bigdevacademy.com\/#website"},"datePublished":"2025-06-19T08:40:26+00:00","dateModified":"2025-06-21T12:26:42+00:00","breadcrumb":{"@id":"https:\/\/tihary.bigdevacademy.com\/index.php\/faqs\/#breadcrumb"},"inLanguage":"fr-FR","potentialAction":[{"@type":"ReadAction","target":["https:\/\/tihary.bigdevacademy.com\/index.php\/faqs\/"]}]},{"@type":"BreadcrumbList","@id":"https:\/\/tihary.bigdevacademy.com\/index.php\/faqs\/#breadcrumb","itemListElement":[{"@type":"ListItem","position":1,"name":"Accueil","item":"https:\/\/tihary.bigdevacademy.com\/"},{"@type":"ListItem","position":2,"name":"FAQs"}]},{"@type":"WebSite","@id":"https:\/\/tihary.bigdevacademy.com\/#website","url":"https:\/\/tihary.bigdevacademy.com\/","name":"SudAfricaHotel","description":"","publisher":{"@id":"https:\/\/tihary.bigdevacademy.com\/#organization"},"potentialAction":[{"@type":"SearchAction","target":{"@type":"EntryPoint","urlTemplate":"https:\/\/tihary.bigdevacademy.com\/?s={search_term_string}"},"query-input":{"@type":"PropertyValueSpecification","valueRequired":true,"valueName":"search_term_string"}}],"inLanguage":"fr-FR"},{"@type":"Organization","@id":"https:\/\/tihary.bigdevacademy.com\/#organization","name":"SudAfricaHotel","url":"https:\/\/tihary.bigdevacademy.com\/","logo":{"@type":"ImageObject","inLanguage":"fr-FR","@id":"https:\/\/tihary.bigdevacademy.com\/#\/schema\/logo\/image\/","url":"https:\/\/tihary.bigdevacademy.com\/wp-content\/uploads\/2025\/06\/Black_and_Gold_Vintage_Luxury_Hotel_Logo-removebg-preview-e1750323504943.png","contentUrl":"https:\/\/tihary.bigdevacademy.com\/wp-content\/uploads\/2025\/06\/Black_and_Gold_Vintage_Luxury_Hotel_Logo-removebg-preview-e1750323504943.png","width":337,"height":335,"caption":"SudAfricaHotel"},"image":{"@id":"https:\/\/tihary.bigdevacademy.com\/#\/schema\/logo\/image\/"}}]}},"_links":{"self":[{"href":"https:\/\/tihary.bigdevacademy.com\/index.php\/wp-json\/wp\/v2\/pages\/38","targetHints":{"allow":["GET"]}}],"collection":[{"href":"https:\/\/tihary.bigdevacademy.com\/index.php\/wp-json\/wp\/v2\/pages"}],"about":[{"href":"https:\/\/tihary.bigdevacademy.com\/index.php\/wp-json\/wp\/v2\/types\/page"}],"author":[{"embeddable":true,"href":"https:\/\/tihary.bigdevacademy.com\/index.php\/wp-json\/wp\/v2\/users\/1"}],"replies":[{"embeddable":true,"href":"https:\/\/tihary.bigdevacademy.com\/index.php\/wp-json\/wp\/v2\/comments?post=38"}],"version-history":[{"count":22,"href":"https:\/\/tihary.bigdevacademy.com\/index.php\/wp-json\/wp\/v2\/pages\/38\/revisions"}],"predecessor-version":[{"id":742,"href":"https:\/\/tihary.bigdevacademy.com\/index.php\/wp-json\/wp\/v2\/pages\/38\/revisions\/742"}],"wp:attachment":[{"href":"https:\/\/tihary.bigdevacademy.com\/index.php\/wp-json\/wp\/v2\/media?parent=38"}],"curies":[{"name":"wp","href":"https:\/\/api.w.org\/{rel}","templated":true}]}}