{"id":40,"date":"2025-06-19T10:40:47","date_gmt":"2025-06-19T08:40:47","guid":{"rendered":"https:\/\/tihary.bigdevacademy.com\/?page_id=40"},"modified":"2025-06-21T19:16:53","modified_gmt":"2025-06-21T17:16:53","slug":"mentions-legales","status":"publish","type":"page","link":"https:\/\/tihary.bigdevacademy.com\/index.php\/mentions-legales\/","title":{"rendered":"Mentions l\u00e9gales"},"content":{"rendered":"\t\t<div data-elementor-type=\"wp-page\" data-elementor-id=\"40\" class=\"elementor elementor-40\" data-elementor-post-type=\"page\">\n\t\t\t\t<div class=\"elementor-element elementor-element-c0ae0f8 e-flex e-con-boxed e-con e-parent\" data-id=\"c0ae0f8\" data-element_type=\"container\">\n\t\t\t\t\t<div class=\"e-con-inner\">\n\t\t\t\t<div class=\"elementor-element elementor-element-ba01e1c elementor-widget elementor-widget-heading\" data-id=\"ba01e1c\" data-element_type=\"widget\" data-widget_type=\"heading.default\">\n\t\t\t\t<div class=\"elementor-widget-container\">\n\t\t\t\t\t<h2 class=\"elementor-heading-title elementor-size-default\">Mentions l\u00e9gales<\/h2>\t\t\t\t<\/div>\n\t\t\t\t<\/div>\n\t\t\t\t<div class=\"elementor-element elementor-element-cb19861 elementor-widget elementor-widget-text-editor\" data-id=\"cb19861\" data-element_type=\"widget\" data-widget_type=\"text-editor.default\">\n\t\t\t\t<div class=\"elementor-widget-container\">\n\t\t\t\t\t\t\t\t\t<p>En vigueur au 21 Juin 2025<\/p>\t\t\t\t\t\t\t\t<\/div>\n\t\t\t\t<\/div>\n\t\t\t\t\t<\/div>\n\t\t\t\t<\/div>\n\t\t<div class=\"elementor-element elementor-element-07eaab2 e-flex e-con-boxed e-con e-parent\" data-id=\"07eaab2\" data-element_type=\"container\">\n\t\t\t\t\t<div class=\"e-con-inner\">\n\t\t\t\t<div class=\"elementor-element elementor-element-c6729fb elementor-widget elementor-widget-text-editor\" data-id=\"c6729fb\" data-element_type=\"widget\" data-widget_type=\"text-editor.default\">\n\t\t\t\t<div class=\"elementor-widget-container\">\n\t\t\t\t\t\t\t\t\t<p>Conform\u00e9ment aux dispositions de la loi n\u00b02004-575 du 21 juin 2004 pour la Confiance en l\u2019\u00e9conomie<br \/>num\u00e9rique, il est port\u00e9 \u00e0 la connaissance des utilisateurs et visiteurs, ci-apr\u00e8s l&rsquo; \u00ab\u00a0Utilisateur\u00a0\u00bb, du site <br \/>afriquedusudhotel , ci-apr\u00e8s le \u00ab\u00a0Site\u00a0\u00bb, les pr\u00e9sentes mentions l\u00e9gales.<br \/>La connexion et la navigation sur le Site par l\u2019Utilisateur implique acceptation int\u00e9grale et sans <br \/>r\u00e9serve des pr\u00e9sentes mentions l\u00e9gales.<br \/>Ces derni\u00e8res sont accessibles sur le Site \u00e0 la rubrique \u00ab\u00a0Mentions l\u00e9gales\u00a0\u00bb.<\/p>\t\t\t\t\t\t\t\t<\/div>\n\t\t\t\t<\/div>\n\t\t\t\t\t<\/div>\n\t\t\t\t<\/div>\n\t\t<div class=\"elementor-element elementor-element-f9a2f4d e-flex e-con-boxed e-con e-parent\" data-id=\"f9a2f4d\" data-element_type=\"container\">\n\t\t\t\t\t<div class=\"e-con-inner\">\n\t\t\t\t<div class=\"elementor-element elementor-element-4e08e81 elementor-widget elementor-widget-heading\" data-id=\"4e08e81\" data-element_type=\"widget\" data-widget_type=\"heading.default\">\n\t\t\t\t<div class=\"elementor-widget-container\">\n\t\t\t\t\t<h3 class=\"elementor-heading-title elementor-size-default\">Edition du site<\/h3>\t\t\t\t<\/div>\n\t\t\t\t<\/div>\n\t\t\t\t<div class=\"elementor-element elementor-element-62535da elementor-widget elementor-widget-text-editor\" data-id=\"62535da\" data-element_type=\"widget\" data-widget_type=\"text-editor.default\">\n\t\t\t\t<div class=\"elementor-widget-container\">\n\t\t\t\t\t\t\t\t\t<p>L\u2019\u00e9dition et la direction de la publication du Site est assur\u00e9e par Monsieur Tihary Mirua <br \/>RANOELIMANANTSOA, domicili\u00e9 Ambatomaro Antsobolo, dont le num\u00e9ro de t\u00e9l\u00e9phone est <br \/>261386879596, et l&rsquo;adresse e-mail miruashenzen@gmail.com.<\/p>\t\t\t\t\t\t\t\t<\/div>\n\t\t\t\t<\/div>\n\t\t\t\t\t<\/div>\n\t\t\t\t<\/div>\n\t\t<div class=\"elementor-element elementor-element-4eebd85 e-flex e-con-boxed e-con e-parent\" data-id=\"4eebd85\" data-element_type=\"container\">\n\t\t\t\t\t<div class=\"e-con-inner\">\n\t\t\t\t<div class=\"elementor-element elementor-element-40b36cc elementor-widget elementor-widget-heading\" data-id=\"40b36cc\" data-element_type=\"widget\" data-widget_type=\"heading.default\">\n\t\t\t\t<div class=\"elementor-widget-container\">\n\t\t\t\t\t<h3 class=\"elementor-heading-title elementor-size-default\">H\u00e9bergeur<\/h3>\t\t\t\t<\/div>\n\t\t\t\t<\/div>\n\t\t\t\t<div class=\"elementor-element elementor-element-94255d3 elementor-widget elementor-widget-text-editor\" data-id=\"94255d3\" data-element_type=\"widget\" data-widget_type=\"text-editor.default\">\n\t\t\t\t<div class=\"elementor-widget-container\">\n\t\t\t\t\t\t\t\t\t<p>L&rsquo;h\u00e9bergeur du Site est la soci\u00e9t\u00e9 www.hosteur.com, dont le si\u00e8ge social est situ\u00e9 au Route du Lac <br \/>Lussy 201 1618 Ch\u00e2tel Saint Dennis .<\/p>\t\t\t\t\t\t\t\t<\/div>\n\t\t\t\t<\/div>\n\t\t\t\t\t<\/div>\n\t\t\t\t<\/div>\n\t\t<div class=\"elementor-element elementor-element-42830cb e-flex e-con-boxed e-con e-parent\" data-id=\"42830cb\" data-element_type=\"container\">\n\t\t\t\t\t<div class=\"e-con-inner\">\n\t\t\t\t<div class=\"elementor-element elementor-element-135bf07 elementor-widget elementor-widget-heading\" data-id=\"135bf07\" data-element_type=\"widget\" data-widget_type=\"heading.default\">\n\t\t\t\t<div class=\"elementor-widget-container\">\n\t\t\t\t\t<h3 class=\"elementor-heading-title elementor-size-default\">Acc\u00e8s au site<\/h3>\t\t\t\t<\/div>\n\t\t\t\t<\/div>\n\t\t\t\t<div class=\"elementor-element elementor-element-a50741e elementor-widget elementor-widget-text-editor\" data-id=\"a50741e\" data-element_type=\"widget\" data-widget_type=\"text-editor.default\">\n\t\t\t\t<div class=\"elementor-widget-container\">\n\t\t\t\t\t\t\t\t\t<p>Le Site est normalement accessible, \u00e0 tout moment, \u00e0 l&rsquo;Utilisateur. Toutefois, l&rsquo;Editeur pourra, \u00e0 tout <br \/>moment, suspendre, limiter ou interrompre le Site afin de proc\u00e9der, notamment, \u00e0 des mises \u00e0 jour ou<br \/>des modifications de son contenu. L&rsquo;Editeur ne pourra en aucun cas \u00eatre tenu responsable des <br \/>cons\u00e9quences \u00e9ventuelles de cette indisponibilit\u00e9 sur les activit\u00e9s de l&rsquo;Utilisateur<\/p>\t\t\t\t\t\t\t\t<\/div>\n\t\t\t\t<\/div>\n\t\t\t\t\t<\/div>\n\t\t\t\t<\/div>\n\t\t<div class=\"elementor-element elementor-element-aeefae5 e-flex e-con-boxed e-con e-parent\" data-id=\"aeefae5\" data-element_type=\"container\">\n\t\t\t\t\t<div class=\"e-con-inner\">\n\t\t\t\t<div class=\"elementor-element elementor-element-c366156 elementor-widget elementor-widget-heading\" data-id=\"c366156\" data-element_type=\"widget\" data-widget_type=\"heading.default\">\n\t\t\t\t<div class=\"elementor-widget-container\">\n\t\t\t\t\t<h3 class=\"elementor-heading-title elementor-size-default\">Collecte des donn\u00e9es<\/h3>\t\t\t\t<\/div>\n\t\t\t\t<\/div>\n\t\t\t\t<div class=\"elementor-element elementor-element-d094617 elementor-widget elementor-widget-text-editor\" data-id=\"d094617\" data-element_type=\"widget\" data-widget_type=\"text-editor.default\">\n\t\t\t\t<div class=\"elementor-widget-container\">\n\t\t\t\t\t\t\t\t\t<p>Le Site assure \u00e0 l&rsquo;Utilisateur une collecte et un traitement des donn\u00e9es personnelles dans le respect <br \/>de la vie priv\u00e9e conform\u00e9ment \u00e0 la loi n\u00b078-17 du 6 janvier 1978 relative \u00e0 l&rsquo;informatique, aux fichiers <br \/>aux libert\u00e9s et dans le respect de la r\u00e8glementation applicable en mati\u00e8re de traitement des donn\u00e9es <br \/>\u00e0 caract\u00e8re personnel conform\u00e9ment au r\u00e8glement (UE) 2016\/679 du Parlement europ\u00e9en et du <br \/>Conseil du 27 avril 2016 (ci-apr\u00e8s, ensemble, la \u00ab\u00a0R\u00e8glementation applicable en mati\u00e8re de <br \/>protection des Donn\u00e9es \u00e0 caract\u00e8re personnel\u00a0\u00bb).<\/p>\t\t\t\t\t\t\t\t<\/div>\n\t\t\t\t<\/div>\n\t\t\t\t\t<\/div>\n\t\t\t\t<\/div>\n\t\t<div class=\"elementor-element elementor-element-33f546d e-flex e-con-boxed e-con e-parent\" data-id=\"33f546d\" data-element_type=\"container\">\n\t\t\t\t\t<div class=\"e-con-inner\">\n\t\t\t\t<div class=\"elementor-element elementor-element-e7341e3 elementor-widget elementor-widget-text-editor\" data-id=\"e7341e3\" data-element_type=\"widget\" data-widget_type=\"text-editor.default\">\n\t\t\t\t<div class=\"elementor-widget-container\">\n\t\t\t\t\t\t\t\t\t<p>En vertu de la R\u00e8glementation applicable en mati\u00e8re de protection des Donn\u00e9es \u00e0 caract\u00e8re <br \/>personnel, l&rsquo;Utilisateur dispose d&rsquo;un droit d&rsquo;acc\u00e8s, de rectification, de suppression et d&rsquo;opposition de <br \/>ses donn\u00e9es personnelles. L&rsquo;Utilisateur peut exercer ce droit :<br \/>par mail \u00e0 l&rsquo;adresse email afriquedusudhotel@gmail.com<br \/>depuis le formulaire de contact ;<br \/>Toute utilisation, reproduction, diffusion, commercialisation, modification de toute ou partie du Site, <br \/>sans autorisation expresse de l\u2019Editeur est prohib\u00e9e et pourra entra\u00eener des actions et poursuites <br \/>judiciaires telles que pr\u00e9vues par la r\u00e8glementation en vigueur<\/p>\t\t\t\t\t\t\t\t<\/div>\n\t\t\t\t<\/div>\n\t\t\t\t\t<\/div>\n\t\t\t\t<\/div>\n\t\t\t\t<\/div>\n\t\t","protected":false},"excerpt":{"rendered":"<p>Mentions l\u00e9gales En vigueur au 21 Juin 2025 Conform\u00e9ment aux dispositions de la loi n\u00b02004-575 du 21 juin 2004 pour la Confiance en l\u2019\u00e9conomienum\u00e9rique, il est port\u00e9 \u00e0 la connaissance des utilisateurs et visiteurs, ci-apr\u00e8s l&rsquo; \u00ab\u00a0Utilisateur\u00a0\u00bb, du site afriquedusudhotel , ci-apr\u00e8s le \u00ab\u00a0Site\u00a0\u00bb, les pr\u00e9sentes mentions l\u00e9gales.La connexion et la navigation sur le Site [&hellip;]<\/p>\n","protected":false},"author":1,"featured_media":0,"parent":0,"menu_order":0,"comment_status":"closed","ping_status":"closed","template":"","meta":{"footnotes":""},"class_list":["post-40","page","type-page","status-publish","hentry"],"yoast_head":"<!-- This site is optimized with the Yoast SEO plugin v25.3.1 - https:\/\/yoast.com\/wordpress\/plugins\/seo\/ -->\n<title>Mentions l\u00e9gales - SudAfricaHotel<\/title>\n<meta name=\"robots\" content=\"index, follow, max-snippet:-1, max-image-preview:large, max-video-preview:-1\" \/>\n<link rel=\"canonical\" href=\"https:\/\/tihary.bigdevacademy.com\/index.php\/mentions-legales\/\" \/>\n<meta property=\"og:locale\" content=\"fr_FR\" \/>\n<meta property=\"og:type\" content=\"article\" \/>\n<meta property=\"og:title\" content=\"Mentions l\u00e9gales - SudAfricaHotel\" \/>\n<meta property=\"og:description\" content=\"Mentions l\u00e9gales En vigueur au 21 Juin 2025 Conform\u00e9ment aux dispositions de la loi n\u00b02004-575 du 21 juin 2004 pour la Confiance en l\u2019\u00e9conomienum\u00e9rique, il est port\u00e9 \u00e0 la connaissance des utilisateurs et visiteurs, ci-apr\u00e8s l&rsquo; \u00ab\u00a0Utilisateur\u00a0\u00bb, du site afriquedusudhotel , ci-apr\u00e8s le \u00ab\u00a0Site\u00a0\u00bb, les pr\u00e9sentes mentions l\u00e9gales.La connexion et la navigation sur le Site [&hellip;]\" \/>\n<meta property=\"og:url\" content=\"https:\/\/tihary.bigdevacademy.com\/index.php\/mentions-legales\/\" \/>\n<meta property=\"og:site_name\" content=\"SudAfricaHotel\" \/>\n<meta property=\"article:modified_time\" content=\"2025-06-21T17:16:53+00:00\" \/>\n<meta name=\"twitter:card\" content=\"summary_large_image\" \/>\n<meta name=\"twitter:label1\" content=\"Dur\u00e9e de lecture estim\u00e9e\" \/>\n\t<meta name=\"twitter:data1\" content=\"2 minutes\" \/>\n<script type=\"application\/ld+json\" class=\"yoast-schema-graph\">{\"@context\":\"https:\/\/schema.org\",\"@graph\":[{\"@type\":\"WebPage\",\"@id\":\"https:\/\/tihary.bigdevacademy.com\/index.php\/mentions-legales\/\",\"url\":\"https:\/\/tihary.bigdevacademy.com\/index.php\/mentions-legales\/\",\"name\":\"Mentions l\u00e9gales - SudAfricaHotel\",\"isPartOf\":{\"@id\":\"https:\/\/tihary.bigdevacademy.com\/#website\"},\"datePublished\":\"2025-06-19T08:40:47+00:00\",\"dateModified\":\"2025-06-21T17:16:53+00:00\",\"breadcrumb\":{\"@id\":\"https:\/\/tihary.bigdevacademy.com\/index.php\/mentions-legales\/#breadcrumb\"},\"inLanguage\":\"fr-FR\",\"potentialAction\":[{\"@type\":\"ReadAction\",\"target\":[\"https:\/\/tihary.bigdevacademy.com\/index.php\/mentions-legales\/\"]}]},{\"@type\":\"BreadcrumbList\",\"@id\":\"https:\/\/tihary.bigdevacademy.com\/index.php\/mentions-legales\/#breadcrumb\",\"itemListElement\":[{\"@type\":\"ListItem\",\"position\":1,\"name\":\"Accueil\",\"item\":\"https:\/\/tihary.bigdevacademy.com\/\"},{\"@type\":\"ListItem\",\"position\":2,\"name\":\"Mentions l\u00e9gales\"}]},{\"@type\":\"WebSite\",\"@id\":\"https:\/\/tihary.bigdevacademy.com\/#website\",\"url\":\"https:\/\/tihary.bigdevacademy.com\/\",\"name\":\"SudAfricaHotel\",\"description\":\"\",\"publisher\":{\"@id\":\"https:\/\/tihary.bigdevacademy.com\/#organization\"},\"potentialAction\":[{\"@type\":\"SearchAction\",\"target\":{\"@type\":\"EntryPoint\",\"urlTemplate\":\"https:\/\/tihary.bigdevacademy.com\/?s={search_term_string}\"},\"query-input\":{\"@type\":\"PropertyValueSpecification\",\"valueRequired\":true,\"valueName\":\"search_term_string\"}}],\"inLanguage\":\"fr-FR\"},{\"@type\":\"Organization\",\"@id\":\"https:\/\/tihary.bigdevacademy.com\/#organization\",\"name\":\"SudAfricaHotel\",\"url\":\"https:\/\/tihary.bigdevacademy.com\/\",\"logo\":{\"@type\":\"ImageObject\",\"inLanguage\":\"fr-FR\",\"@id\":\"https:\/\/tihary.bigdevacademy.com\/#\/schema\/logo\/image\/\",\"url\":\"https:\/\/tihary.bigdevacademy.com\/wp-content\/uploads\/2025\/06\/Black_and_Gold_Vintage_Luxury_Hotel_Logo-removebg-preview-e1750323504943.png\",\"contentUrl\":\"https:\/\/tihary.bigdevacademy.com\/wp-content\/uploads\/2025\/06\/Black_and_Gold_Vintage_Luxury_Hotel_Logo-removebg-preview-e1750323504943.png\",\"width\":337,\"height\":335,\"caption\":\"SudAfricaHotel\"},\"image\":{\"@id\":\"https:\/\/tihary.bigdevacademy.com\/#\/schema\/logo\/image\/\"}}]}<\/script>\n<!-- \/ Yoast SEO plugin. -->","yoast_head_json":{"title":"Mentions l\u00e9gales - SudAfricaHotel","robots":{"index":"index","follow":"follow","max-snippet":"max-snippet:-1","max-image-preview":"max-image-preview:large","max-video-preview":"max-video-preview:-1"},"canonical":"https:\/\/tihary.bigdevacademy.com\/index.php\/mentions-legales\/","og_locale":"fr_FR","og_type":"article","og_title":"Mentions l\u00e9gales - SudAfricaHotel","og_description":"Mentions l\u00e9gales En vigueur au 21 Juin 2025 Conform\u00e9ment aux dispositions de la loi n\u00b02004-575 du 21 juin 2004 pour la Confiance en l\u2019\u00e9conomienum\u00e9rique, il est port\u00e9 \u00e0 la connaissance des utilisateurs et visiteurs, ci-apr\u00e8s l&rsquo; \u00ab\u00a0Utilisateur\u00a0\u00bb, du site afriquedusudhotel , ci-apr\u00e8s le \u00ab\u00a0Site\u00a0\u00bb, les pr\u00e9sentes mentions l\u00e9gales.La connexion et la navigation sur le Site [&hellip;]","og_url":"https:\/\/tihary.bigdevacademy.com\/index.php\/mentions-legales\/","og_site_name":"SudAfricaHotel","article_modified_time":"2025-06-21T17:16:53+00:00","twitter_card":"summary_large_image","twitter_misc":{"Dur\u00e9e de lecture estim\u00e9e":"2 minutes"},"schema":{"@context":"https:\/\/schema.org","@graph":[{"@type":"WebPage","@id":"https:\/\/tihary.bigdevacademy.com\/index.php\/mentions-legales\/","url":"https:\/\/tihary.bigdevacademy.com\/index.php\/mentions-legales\/","name":"Mentions l\u00e9gales - SudAfricaHotel","isPartOf":{"@id":"https:\/\/tihary.bigdevacademy.com\/#website"},"datePublished":"2025-06-19T08:40:47+00:00","dateModified":"2025-06-21T17:16:53+00:00","breadcrumb":{"@id":"https:\/\/tihary.bigdevacademy.com\/index.php\/mentions-legales\/#breadcrumb"},"inLanguage":"fr-FR","potentialAction":[{"@type":"ReadAction","target":["https:\/\/tihary.bigdevacademy.com\/index.php\/mentions-legales\/"]}]},{"@type":"BreadcrumbList","@id":"https:\/\/tihary.bigdevacademy.com\/index.php\/mentions-legales\/#breadcrumb","itemListElement":[{"@type":"ListItem","position":1,"name":"Accueil","item":"https:\/\/tihary.bigdevacademy.com\/"},{"@type":"ListItem","position":2,"name":"Mentions l\u00e9gales"}]},{"@type":"WebSite","@id":"https:\/\/tihary.bigdevacademy.com\/#website","url":"https:\/\/tihary.bigdevacademy.com\/","name":"SudAfricaHotel","description":"","publisher":{"@id":"https:\/\/tihary.bigdevacademy.com\/#organization"},"potentialAction":[{"@type":"SearchAction","target":{"@type":"EntryPoint","urlTemplate":"https:\/\/tihary.bigdevacademy.com\/?s={search_term_string}"},"query-input":{"@type":"PropertyValueSpecification","valueRequired":true,"valueName":"search_term_string"}}],"inLanguage":"fr-FR"},{"@type":"Organization","@id":"https:\/\/tihary.bigdevacademy.com\/#organization","name":"SudAfricaHotel","url":"https:\/\/tihary.bigdevacademy.com\/","logo":{"@type":"ImageObject","inLanguage":"fr-FR","@id":"https:\/\/tihary.bigdevacademy.com\/#\/schema\/logo\/image\/","url":"https:\/\/tihary.bigdevacademy.com\/wp-content\/uploads\/2025\/06\/Black_and_Gold_Vintage_Luxury_Hotel_Logo-removebg-preview-e1750323504943.png","contentUrl":"https:\/\/tihary.bigdevacademy.com\/wp-content\/uploads\/2025\/06\/Black_and_Gold_Vintage_Luxury_Hotel_Logo-removebg-preview-e1750323504943.png","width":337,"height":335,"caption":"SudAfricaHotel"},"image":{"@id":"https:\/\/tihary.bigdevacademy.com\/#\/schema\/logo\/image\/"}}]}},"_links":{"self":[{"href":"https:\/\/tihary.bigdevacademy.com\/index.php\/wp-json\/wp\/v2\/pages\/40","targetHints":{"allow":["GET"]}}],"collection":[{"href":"https:\/\/tihary.bigdevacademy.com\/index.php\/wp-json\/wp\/v2\/pages"}],"about":[{"href":"https:\/\/tihary.bigdevacademy.com\/index.php\/wp-json\/wp\/v2\/types\/page"}],"author":[{"embeddable":true,"href":"https:\/\/tihary.bigdevacademy.com\/index.php\/wp-json\/wp\/v2\/users\/1"}],"replies":[{"embeddable":true,"href":"https:\/\/tihary.bigdevacademy.com\/index.php\/wp-json\/wp\/v2\/comments?post=40"}],"version-history":[{"count":34,"href":"https:\/\/tihary.bigdevacademy.com\/index.php\/wp-json\/wp\/v2\/pages\/40\/revisions"}],"predecessor-version":[{"id":940,"href":"https:\/\/tihary.bigdevacademy.com\/index.php\/wp-json\/wp\/v2\/pages\/40\/revisions\/940"}],"wp:attachment":[{"href":"https:\/\/tihary.bigdevacademy.com\/index.php\/wp-json\/wp\/v2\/media?parent=40"}],"curies":[{"name":"wp","href":"https:\/\/api.w.org\/{rel}","templated":true}]}}